{"id":10828,"date":"2023-10-30T10:12:34","date_gmt":"2023-10-30T09:12:34","guid":{"rendered":"https:\/\/fundacjanh.org\/?page_id=10828"},"modified":"2024-04-26T14:51:49","modified_gmt":"2024-04-26T12:51:49","slug":"pes","status":"publish","type":"page","link":"https:\/\/fundacjanh.org\/pl\/pes\/","title":{"rendered":"PES"},"content":{"rendered":"\t\t<div data-elementor-type=\"wp-page\" data-elementor-id=\"10828\" class=\"elementor elementor-10828\" data-elementor-post-type=\"page\">\n\t\t\t\t\t\t<section class=\"elementor-section elementor-top-section elementor-element elementor-element-873c1c4 elementor-section-boxed elementor-section-height-default elementor-section-height-default\" data-id=\"873c1c4\" data-element_type=\"section\" data-e-type=\"section\" data-settings=\"{&quot;background_background&quot;:&quot;classic&quot;}\">\n\t\t\t\t\t\t<div class=\"elementor-container elementor-column-gap-default\">\n\t\t\t\t\t<div class=\"elementor-column elementor-col-100 elementor-top-column elementor-element elementor-element-854dbd3\" data-id=\"854dbd3\" data-element_type=\"column\" data-e-type=\"column\">\n\t\t\t<div class=\"elementor-widget-wrap\">\n\t\t\t\t\t\t\t<\/div>\n\t\t<\/div>\n\t\t\t\t\t<\/div>\n\t\t<\/section>\n\t\t\t\t<section class=\"elementor-section elementor-top-section elementor-element elementor-element-777743a elementor-section-height-min-height elementor-section-boxed elementor-section-height-default elementor-section-items-middle\" data-id=\"777743a\" data-element_type=\"section\" data-e-type=\"section\" data-settings=\"{&quot;background_background&quot;:&quot;classic&quot;}\">\n\t\t\t\t\t\t\t<div class=\"elementor-background-overlay\"><\/div>\n\t\t\t\t\t\t\t<div class=\"elementor-container elementor-column-gap-default\">\n\t\t\t\t\t<div class=\"elementor-column elementor-col-100 elementor-top-column elementor-element elementor-element-ddfe6e8\" data-id=\"ddfe6e8\" data-element_type=\"column\" data-e-type=\"column\">\n\t\t\t<div class=\"elementor-widget-wrap elementor-element-populated\">\n\t\t\t\t\t\t<div class=\"elementor-element elementor-element-111c4f0 elementor-widget elementor-widget-image\" data-id=\"111c4f0\" data-element_type=\"widget\" data-e-type=\"widget\" data-widget_type=\"image.default\">\n\t\t\t\t<div class=\"elementor-widget-container\">\n\t\t\t\t\t\t\t\t\t\t\t\t\t\t\t<img decoding=\"async\" width=\"300\" height=\"150\" src=\"https:\/\/fundacjanh.org\/wp-content\/uploads\/2022\/09\/przedsiebiorstwo-spoleczne_logo-300x150.jpg\" class=\"attachment-medium size-medium wp-image-10842\" alt=\"Przedsiebiorstwo Spoleczne Logo \u2013 Fundacja Promocji Nowej Huty\" srcset=\"https:\/\/fundacjanh.org\/wp-content\/uploads\/2022\/09\/przedsiebiorstwo-spoleczne_logo-300x150.jpg 300w, https:\/\/fundacjanh.org\/wp-content\/uploads\/2022\/09\/przedsiebiorstwo-spoleczne_logo-1024x512.jpg 1024w, https:\/\/fundacjanh.org\/wp-content\/uploads\/2022\/09\/przedsiebiorstwo-spoleczne_logo-768x384.jpg 768w, https:\/\/fundacjanh.org\/wp-content\/uploads\/2022\/09\/przedsiebiorstwo-spoleczne_logo.jpg 1181w\" sizes=\"(max-width: 300px) 100vw, 300px\" \/>\t\t\t\t\t\t\t\t\t\t\t\t\t\t\t<\/div>\n\t\t\t\t<\/div>\n\t\t\t\t<div class=\"elementor-element elementor-element-9e77ae5 elementor-widget elementor-widget-heading\" data-id=\"9e77ae5\" data-element_type=\"widget\" data-e-type=\"widget\" data-widget_type=\"heading.default\">\n\t\t\t\t<div class=\"elementor-widget-container\">\n\t\t\t\t\t<h2 class=\"elementor-heading-title elementor-size-xxl\">FUNDACJA PROMOCJI NOWEJ HUTY<\/h2>\t\t\t\t<\/div>\n\t\t\t\t<\/div>\n\t\t\t\t<div class=\"elementor-element elementor-element-d953df1 elementor-widget-divider--view-line elementor-widget elementor-widget-divider\" data-id=\"d953df1\" data-element_type=\"widget\" data-e-type=\"widget\" data-widget_type=\"divider.default\">\n\t\t\t\t<div class=\"elementor-widget-container\">\n\t\t\t\t\t\t\t<div class=\"elementor-divider\">\n\t\t\t<span class=\"elementor-divider-separator\">\n\t\t\t\t\t\t<\/span>\n\t\t<\/div>\n\t\t\t\t\t\t<\/div>\n\t\t\t\t<\/div>\n\t\t\t\t\t<\/div>\n\t\t<\/div>\n\t\t\t\t\t<\/div>\n\t\t<\/section>\n\t\t\t\t<section class=\"elementor-section elementor-top-section elementor-element elementor-element-a6dccdc elementor-section-boxed elementor-section-height-default elementor-section-height-default\" data-id=\"a6dccdc\" data-element_type=\"section\" data-e-type=\"section\" data-settings=\"{&quot;background_background&quot;:&quot;classic&quot;}\">\n\t\t\t\t\t\t<div class=\"elementor-container elementor-column-gap-default\">\n\t\t\t\t\t<div class=\"elementor-column elementor-col-100 elementor-top-column elementor-element elementor-element-d94a922\" data-id=\"d94a922\" data-element_type=\"column\" data-e-type=\"column\">\n\t\t\t<div class=\"elementor-widget-wrap elementor-element-populated\">\n\t\t\t\t\t\t<div class=\"elementor-element elementor-element-3c98128 elementor-widget elementor-widget-heading\" data-id=\"3c98128\" data-element_type=\"widget\" data-e-type=\"widget\" data-widget_type=\"heading.default\">\n\t\t\t\t<div class=\"elementor-widget-container\">\n\t\t\t\t\t<h2 class=\"elementor-heading-title elementor-size-xxl\">PRZEDSI\u0118BIORSTWO SPO\u0141ECZNE, CZYM JEST?<\/h2>\t\t\t\t<\/div>\n\t\t\t\t<\/div>\n\t\t\t\t<div class=\"elementor-element elementor-element-b1b0a89 elementor-widget elementor-widget-image\" data-id=\"b1b0a89\" data-element_type=\"widget\" data-e-type=\"widget\" data-widget_type=\"image.default\">\n\t\t\t\t<div class=\"elementor-widget-container\">\n\t\t\t\t\t\t\t\t\t\t\t\t\t\t\t<img decoding=\"async\" width=\"150\" height=\"150\" src=\"https:\/\/fundacjanh.org\/wp-content\/uploads\/2022\/10\/favicon-150x150.png\" class=\"attachment-thumbnail size-thumbnail wp-image-2258\" alt=\"Favicon \u2013 Fundacja Promocji Nowej Huty\" srcset=\"https:\/\/fundacjanh.org\/wp-content\/uploads\/2022\/10\/favicon-150x150.png 150w, https:\/\/fundacjanh.org\/wp-content\/uploads\/2022\/10\/favicon.png 256w\" sizes=\"(max-width: 150px) 100vw, 150px\" \/>\t\t\t\t\t\t\t\t\t\t\t\t\t\t\t<\/div>\n\t\t\t\t<\/div>\n\t\t\t\t<div class=\"elementor-element elementor-element-7b4396b elementor-widget elementor-widget-text-editor\" data-id=\"7b4396b\" data-element_type=\"widget\" data-e-type=\"widget\" data-widget_type=\"text-editor.default\">\n\t\t\t\t<div class=\"elementor-widget-container\">\n\t\t\t\t\t\t\t\t\t<p>Przedsi\u0119biorstwa spo\u0142eczne to unikalny rodzaj organizacji biznesowych, kt\u00f3re k\u0142ad\u0105 wi\u0119kszy nacisk na&nbsp;cele spo\u0142eczne ni\u017c na&nbsp;maksymalizacj\u0119 zysk\u00f3w. R\u00f3\u017cni\u0105 si\u0119 one od typowych przedsi\u0119biorstw tym, \u017ce&nbsp;ich g\u0142\u00f3wnym zadaniem jest s\u0142u\u017cenie spo\u0142ecze\u0144stwu i&nbsp;wspieranie integracji spo\u0142ecznej oraz&nbsp;zawodowej swoich cz\u0142onk\u00f3w, a&nbsp;tak\u017ce innych dzia\u0142a\u0144 na&nbsp;rzecz lokalnych spo\u0142eczno\u015bci.<\/p><p>Te przedsi\u0119biorstwa mog\u0105 przybiera\u0107 r\u00f3\u017cne formy prawne, w&nbsp;tym sp\u00f3\u0142dzielnie socjalne, stowarzyszenia, fundacje, czy&nbsp;sp\u00f3\u0142ki non-profit. Co je \u0142\u0105czy, to fakt, \u017ce&nbsp;wszelkie dochody wykraczaj\u0105ce poza koszty operacyjne s\u0105 reinwestowane w&nbsp;realizacj\u0119 ich spo\u0142ecznych misji, zamiast by\u0107 dystrybuowane jako zysk w\u015br\u00f3d akcjonariuszy czy&nbsp;w\u0142a\u015bcicieli. W&nbsp;ten spos\u00f3b przedsi\u0119biorstwa spo\u0142eczne przyczyniaj\u0105 si\u0119 do&nbsp;rozwoju i&nbsp;poprawy dobrobytu spo\u0142eczno\u015bci, w&nbsp;kt\u00f3rej dzia\u0142aj\u0105.<\/p>\t\t\t\t\t\t\t\t<\/div>\n\t\t\t\t<\/div>\n\t\t\t\t<div class=\"elementor-element elementor-element-5e3d3b0 elementor-widget-divider--view-line elementor-widget elementor-widget-divider\" data-id=\"5e3d3b0\" data-element_type=\"widget\" data-e-type=\"widget\" data-widget_type=\"divider.default\">\n\t\t\t\t<div class=\"elementor-widget-container\">\n\t\t\t\t\t\t\t<div class=\"elementor-divider\">\n\t\t\t<span class=\"elementor-divider-separator\">\n\t\t\t\t\t\t<\/span>\n\t\t<\/div>\n\t\t\t\t\t\t<\/div>\n\t\t\t\t<\/div>\n\t\t\t\t\t<\/div>\n\t\t<\/div>\n\t\t\t\t\t<\/div>\n\t\t<\/section>\n\t\t\t\t<section class=\"elementor-section elementor-top-section elementor-element elementor-element-1db78c0 elementor-section-boxed elementor-section-height-default elementor-section-height-default\" data-id=\"1db78c0\" data-element_type=\"section\" data-e-type=\"section\" data-settings=\"{&quot;background_background&quot;:&quot;classic&quot;}\">\n\t\t\t\t\t\t<div class=\"elementor-container elementor-column-gap-default\">\n\t\t\t\t\t<div class=\"elementor-column elementor-col-100 elementor-top-column elementor-element elementor-element-201498c\" data-id=\"201498c\" data-element_type=\"column\" data-e-type=\"column\">\n\t\t\t<div class=\"elementor-widget-wrap elementor-element-populated\">\n\t\t\t\t\t\t<div class=\"elementor-element elementor-element-3d337a0 elementor-widget elementor-widget-heading\" data-id=\"3d337a0\" data-element_type=\"widget\" data-e-type=\"widget\" data-widget_type=\"heading.default\">\n\t\t\t\t<div class=\"elementor-widget-container\">\n\t\t\t\t\t<h2 class=\"elementor-heading-title elementor-size-xxl\">FUNDACJA PROMOCJI NOWEJ HUTY - PRZEDSI\u0118BIORSTWO SPO\u0141ECZNE<\/h2>\t\t\t\t<\/div>\n\t\t\t\t<\/div>\n\t\t\t\t<div class=\"elementor-element elementor-element-f1a3ebd elementor-widget elementor-widget-text-editor\" data-id=\"f1a3ebd\" data-element_type=\"widget\" data-e-type=\"widget\" data-widget_type=\"text-editor.default\">\n\t\t\t\t<div class=\"elementor-widget-container\">\n\t\t\t\t\t\t\t\t\t<p>Fundacja Promocji Nowej Huty zosta\u0142a dofinansowana w&nbsp;ramach programu Przedsi\u0119biorstwo Spo\u0142eczne +, co jest znacz\u0105cym osi\u0105gni\u0119ciem dla&nbsp;organizacji dzia\u0142aj\u0105cej w&nbsp;obszarze ekonomii spo\u0142ecznej. Ekonomia spo\u0142eczna \u0142\u0105czy dzia\u0142alno\u015b\u0107 gospodarcz\u0105 z&nbsp;dzia\u0142aniami spo\u0142ecznymi, skupiaj\u0105c si\u0119 na&nbsp;uwalnianiu potencja\u0142u spo\u0142eczno\u015bci lokalnych oraz&nbsp;realizacji cel\u00f3w zwi\u0105zanych z&nbsp;w\u0142\u0105czeniem spo\u0142ecznym i&nbsp;dost\u0119pem do&nbsp;us\u0142ug spo\u0142ecznych. Wspieranie ekonomii spo\u0142ecznej ma istotne znaczenie dla&nbsp;polityki spo\u0142ecznej, a&nbsp;przedsi\u0119biorstwa spo\u0142eczne odgrywaj\u0105 kluczow\u0105 rol\u0119 w&nbsp;tym procesie, szczeg\u00f3lnie w&nbsp;obszarach takich jak reintegracja spo\u0142eczna i&nbsp;zawodowa, zatrudnienie os\u00f3b zagro\u017conych wykluczeniem spo\u0142ecznym oraz&nbsp;realizacja us\u0142ug spo\u0142ecznych. Ta dzia\u0142alno\u015b\u0107 odzwierciedla warto\u015bci ekonomii spo\u0142ecznej i&nbsp;ma istotny wp\u0142yw na&nbsp;polityk\u0119 publiczn\u0105.<\/p>\t\t\t\t\t\t\t\t<\/div>\n\t\t\t\t<\/div>\n\t\t\t\t<div class=\"elementor-element elementor-element-62a5aff elementor-widget elementor-widget-text-editor\" data-id=\"62a5aff\" data-element_type=\"widget\" data-e-type=\"widget\" data-widget_type=\"text-editor.default\">\n\t\t\t\t<div class=\"elementor-widget-container\">\n\t\t\t\t\t\t\t\t\t<p>Korzystamy z&nbsp;czterech instrument\u00f3w wsparcia ze \u015brodk\u00f3w Funduszu Pracy: Wsparcie zatrudnienia, Wsparcie bie\u017c\u0105ce, Reintegracja zawodowa i&nbsp;spo\u0142eczna os\u00f3b zagro\u017conych wykluczeniem spo\u0142ecznym, realizacja us\u0142ug spo\u0142ecznych. Dzi\u0119ki przekazanym \u015brodkom mo\u017cemy jeszcze lepiej pomaga\u0107 osobom zagro\u017conym wykluczeniem spo\u0142ecznym i&nbsp;tworzy\u0107 miejsca pracy dla&nbsp;najbardziej potrzebuj\u0105cych.<\/p>\t\t\t\t\t\t\t\t<\/div>\n\t\t\t\t<\/div>\n\t\t\t\t<section class=\"elementor-section elementor-inner-section elementor-element elementor-element-342d036 elementor-section-boxed elementor-section-height-default elementor-section-height-default\" data-id=\"342d036\" data-element_type=\"section\" data-e-type=\"section\">\n\t\t\t\t\t\t<div class=\"elementor-container elementor-column-gap-default\">\n\t\t\t\t\t<div class=\"elementor-column elementor-col-50 elementor-inner-column elementor-element elementor-element-9ce5320\" data-id=\"9ce5320\" data-element_type=\"column\" data-e-type=\"column\">\n\t\t\t<div class=\"elementor-widget-wrap elementor-element-populated\">\n\t\t\t\t\t\t<div class=\"elementor-element elementor-element-686d62d elementor-widget elementor-widget-heading\" data-id=\"686d62d\" data-element_type=\"widget\" data-e-type=\"widget\" data-widget_type=\"heading.default\">\n\t\t\t\t<div class=\"elementor-widget-container\">\n\t\t\t\t\t<h2 class=\"elementor-heading-title elementor-size-default\">Czas realizacji dzia\u0142a\u0144 w&nbsp;ramach wsparcia z&nbsp;Programu:\n\nOD 2023\u201308\u201301 DO&nbsp;2023\u201312\u201331<\/h2>\t\t\t\t<\/div>\n\t\t\t\t<\/div>\n\t\t\t\t<div class=\"elementor-element elementor-element-e1b97ab elementor-widget elementor-widget-image\" data-id=\"e1b97ab\" data-element_type=\"widget\" data-e-type=\"widget\" data-widget_type=\"image.default\">\n\t\t\t\t<div class=\"elementor-widget-container\">\n\t\t\t\t\t\t\t\t\t\t\t\t\t\t\t<img fetchpriority=\"high\" decoding=\"async\" width=\"724\" height=\"1024\" src=\"https:\/\/fundacjanh.org\/wp-content\/uploads\/2022\/09\/2-1-724x1024.jpg\" class=\"attachment-large size-large wp-image-10927\" alt=\"Stopka \u2013 Fundacja Promocji Nowej Huty\" srcset=\"https:\/\/fundacjanh.org\/wp-content\/uploads\/2022\/09\/2-1-724x1024.jpg 724w, https:\/\/fundacjanh.org\/wp-content\/uploads\/2022\/09\/2-1-212x300.jpg 212w, https:\/\/fundacjanh.org\/wp-content\/uploads\/2022\/09\/2-1-768x1087.jpg 768w, https:\/\/fundacjanh.org\/wp-content\/uploads\/2022\/09\/2-1-1086x1536.jpg 1086w, https:\/\/fundacjanh.org\/wp-content\/uploads\/2022\/09\/2-1.jpg 1357w\" sizes=\"(max-width: 724px) 100vw, 724px\" \/>\t\t\t\t\t\t\t\t\t\t\t\t\t\t\t<\/div>\n\t\t\t\t<\/div>\n\t\t\t\t\t<\/div>\n\t\t<\/div>\n\t\t\t\t<div class=\"elementor-column elementor-col-50 elementor-inner-column elementor-element elementor-element-d32a067\" data-id=\"d32a067\" data-element_type=\"column\" data-e-type=\"column\">\n\t\t\t<div class=\"elementor-widget-wrap elementor-element-populated\">\n\t\t\t\t\t\t<div class=\"elementor-element elementor-element-829cdef elementor-widget elementor-widget-heading\" data-id=\"829cdef\" data-element_type=\"widget\" data-e-type=\"widget\" data-widget_type=\"heading.default\">\n\t\t\t\t<div class=\"elementor-widget-container\">\n\t\t\t\t\t<h2 class=\"elementor-heading-title elementor-size-default\">Czas realizacji dzia\u0142a\u0144 w&nbsp;ramach wsparcia z&nbsp;Programu:\n\nOD 2023\u201308\u201301 DO&nbsp;2023\u201312\u201331<\/h2>\t\t\t\t<\/div>\n\t\t\t\t<\/div>\n\t\t\t\t<div class=\"elementor-element elementor-element-e748b8f elementor-widget elementor-widget-image\" data-id=\"e748b8f\" data-element_type=\"widget\" data-e-type=\"widget\" data-widget_type=\"image.default\">\n\t\t\t\t<div class=\"elementor-widget-container\">\n\t\t\t\t\t\t\t\t\t\t\t\t\t\t\t<img loading=\"lazy\" decoding=\"async\" width=\"724\" height=\"1024\" src=\"https:\/\/fundacjanh.org\/wp-content\/uploads\/2022\/09\/1-1-724x1024.jpg\" class=\"attachment-large size-large wp-image-10925\" alt=\"Stopka \u2013 Fundacja Promocji Nowej Huty\" srcset=\"https:\/\/fundacjanh.org\/wp-content\/uploads\/2022\/09\/1-1-724x1024.jpg 724w, https:\/\/fundacjanh.org\/wp-content\/uploads\/2022\/09\/1-1-212x300.jpg 212w, https:\/\/fundacjanh.org\/wp-content\/uploads\/2022\/09\/1-1-768x1087.jpg 768w, https:\/\/fundacjanh.org\/wp-content\/uploads\/2022\/09\/1-1-1086x1536.jpg 1086w, https:\/\/fundacjanh.org\/wp-content\/uploads\/2022\/09\/1-1.jpg 1357w\" sizes=\"(max-width: 724px) 100vw, 724px\" \/>\t\t\t\t\t\t\t\t\t\t\t\t\t\t\t<\/div>\n\t\t\t\t<\/div>\n\t\t\t\t\t<\/div>\n\t\t<\/div>\n\t\t\t\t\t<\/div>\n\t\t<\/section>\n\t\t\t\t<div class=\"elementor-element elementor-element-d3ac8c8 elementor-widget-divider--view-line elementor-widget elementor-widget-divider\" data-id=\"d3ac8c8\" data-element_type=\"widget\" data-e-type=\"widget\" data-widget_type=\"divider.default\">\n\t\t\t\t<div class=\"elementor-widget-container\">\n\t\t\t\t\t\t\t<div class=\"elementor-divider\">\n\t\t\t<span class=\"elementor-divider-separator\">\n\t\t\t\t\t\t<\/span>\n\t\t<\/div>\n\t\t\t\t\t\t<\/div>\n\t\t\t\t<\/div>\n\t\t\t\t\t<\/div>\n\t\t<\/div>\n\t\t\t\t\t<\/div>\n\t\t<\/section>\n\t\t\t\t<\/div>\n\t\t","protected":false},"excerpt":{"rendered":"<p>FUNDACJA PROMOCJI NOWEJ HUTY PRZEDSI\u0118BIORSTWO SPO\u0141ECZNE, CZYM JEST? Przedsi\u0119biorstwa spo\u0142eczne to unikalny rodzaj organizacji biznesowych, kt\u00f3re k\u0142ad\u0105 wi\u0119kszy nacisk na&nbsp;cele spo\u0142eczne ni\u017c na&nbsp;maksymalizacj\u0119 zysk\u00f3w. R\u00f3\u017cni\u0105 si\u0119 one od typowych przedsi\u0119biorstw tym, \u017ce&nbsp;ich g\u0142\u00f3wnym zadaniem jest s\u0142u\u017cenie spo\u0142ecze\u0144stwu i&nbsp;wspieranie integracji spo\u0142ecznej oraz&nbsp;zawodowej swoich cz\u0142onk\u00f3w, a&nbsp;tak\u017ce innych dzia\u0142a\u0144 na&nbsp;rzecz lokalnych spo\u0142eczno\u015bci. Te przedsi\u0119biorstwa mog\u0105 przybiera\u0107 r\u00f3\u017cne formy [&hellip;]<\/p>\n","protected":false},"author":6,"featured_media":0,"parent":0,"menu_order":0,"comment_status":"closed","ping_status":"closed","template":"elementor_header_footer","meta":{"inline_featured_image":false,"_monsterinsights_skip_tracking":false,"_monsterinsights_sitenote_active":false,"_monsterinsights_sitenote_note":"","_monsterinsights_sitenote_category":0,"footnotes":""},"class_list":["post-10828","page","type-page","status-publish","hentry"],"_links":{"self":[{"href":"https:\/\/fundacjanh.org\/pl\/wp-json\/wp\/v2\/pages\/10828","targetHints":{"allow":["GET"]}}],"collection":[{"href":"https:\/\/fundacjanh.org\/pl\/wp-json\/wp\/v2\/pages"}],"about":[{"href":"https:\/\/fundacjanh.org\/pl\/wp-json\/wp\/v2\/types\/page"}],"author":[{"embeddable":true,"href":"https:\/\/fundacjanh.org\/pl\/wp-json\/wp\/v2\/users\/6"}],"replies":[{"embeddable":true,"href":"https:\/\/fundacjanh.org\/pl\/wp-json\/wp\/v2\/comments?post=10828"}],"version-history":[{"count":16,"href":"https:\/\/fundacjanh.org\/pl\/wp-json\/wp\/v2\/pages\/10828\/revisions"}],"predecessor-version":[{"id":12663,"href":"https:\/\/fundacjanh.org\/pl\/wp-json\/wp\/v2\/pages\/10828\/revisions\/12663"}],"wp:attachment":[{"href":"https:\/\/fundacjanh.org\/pl\/wp-json\/wp\/v2\/media?parent=10828"}],"curies":[{"name":"wp","href":"https:\/\/api.w.org\/{rel}","templated":true}]}}