{"id":12190,"date":"2024-03-28T10:45:50","date_gmt":"2024-03-28T09:45:50","guid":{"rendered":"https:\/\/fundacjanh.org\/?page_id=12190"},"modified":"2024-03-28T11:19:10","modified_gmt":"2024-03-28T10:19:10","slug":"sadeckie-bony-szkoleniowe","status":"publish","type":"page","link":"https:\/\/fundacjanh.org\/pl\/sadeckie-bony-szkoleniowe\/","title":{"rendered":"S\u0105deckie Bony Szkoleniowe"},"content":{"rendered":"\t\t<div data-elementor-type=\"wp-page\" data-elementor-id=\"12190\" class=\"elementor elementor-12190\" data-elementor-post-type=\"page\">\n\t\t\t\t\t\t<section class=\"elementor-section elementor-top-section elementor-element elementor-element-238cdd6 elementor-section-boxed elementor-section-height-default elementor-section-height-default\" data-id=\"238cdd6\" data-element_type=\"section\" data-e-type=\"section\" data-settings=\"{&quot;background_background&quot;:&quot;classic&quot;}\">\n\t\t\t\t\t\t<div class=\"elementor-container elementor-column-gap-default\">\n\t\t\t\t\t<div class=\"elementor-column elementor-col-100 elementor-top-column elementor-element elementor-element-51d2e2f\" data-id=\"51d2e2f\" data-element_type=\"column\" data-e-type=\"column\">\n\t\t\t<div class=\"elementor-widget-wrap elementor-element-populated\">\n\t\t\t\t\t\t<div class=\"elementor-element elementor-element-659ec77 elementor-widget elementor-widget-image\" data-id=\"659ec77\" data-element_type=\"widget\" data-e-type=\"widget\" data-widget_type=\"image.default\">\n\t\t\t\t<div class=\"elementor-widget-container\">\n\t\t\t\t\t\t\t\t\t\t\t\t\t\t\t<img decoding=\"async\" width=\"150\" height=\"150\" src=\"https:\/\/fundacjanh.org\/wp-content\/uploads\/2024\/03\/Sadeckie-bony-szkoleniowe-dofinansowane-szkolenia-fundacja-promocji-nowej-huty-150x150.png\" class=\"attachment-thumbnail size-thumbnail wp-image-12211\" alt=\"Sadeckie Bony Szkoleniowe Dofinansowane Szkolenia Fundacja Promocji Nowej Huty \u2013 Fundacja Promocji Nowej Huty\" srcset=\"https:\/\/fundacjanh.org\/wp-content\/uploads\/2024\/03\/Sadeckie-bony-szkoleniowe-dofinansowane-szkolenia-fundacja-promocji-nowej-huty-150x150.png 150w, https:\/\/fundacjanh.org\/wp-content\/uploads\/2024\/03\/Sadeckie-bony-szkoleniowe-dofinansowane-szkolenia-fundacja-promocji-nowej-huty-300x300.png 300w, https:\/\/fundacjanh.org\/wp-content\/uploads\/2024\/03\/Sadeckie-bony-szkoleniowe-dofinansowane-szkolenia-fundacja-promocji-nowej-huty.png 500w\" sizes=\"(max-width: 150px) 100vw, 150px\" \/>\t\t\t\t\t\t\t\t\t\t\t\t\t\t\t<\/div>\n\t\t\t\t<\/div>\n\t\t\t\t<div class=\"elementor-element elementor-element-8f5a377 elementor-widget elementor-widget-heading\" data-id=\"8f5a377\" data-element_type=\"widget\" data-e-type=\"widget\" data-widget_type=\"heading.default\">\n\t\t\t\t<div class=\"elementor-widget-container\">\n\t\t\t\t\t<h2 class=\"elementor-heading-title elementor-size-default\">S\u0104DECKIE BONY SZKOLENIOWE<\/h2>\t\t\t\t<\/div>\n\t\t\t\t<\/div>\n\t\t\t\t<div class=\"elementor-element elementor-element-e6496e1 elementor-widget elementor-widget-image\" data-id=\"e6496e1\" data-element_type=\"widget\" data-e-type=\"widget\" data-widget_type=\"image.default\">\n\t\t\t\t<div class=\"elementor-widget-container\">\n\t\t\t\t\t\t\t\t\t\t\t\t\t\t\t<img fetchpriority=\"high\" decoding=\"async\" width=\"800\" height=\"91\" src=\"https:\/\/fundacjanh.org\/wp-content\/uploads\/2024\/03\/loga-mbony-1024x116.png\" class=\"attachment-large size-large wp-image-12010\" alt=\"Loga Mbony \u2013 Fundacja Promocji Nowej Huty\" srcset=\"https:\/\/fundacjanh.org\/wp-content\/uploads\/2024\/03\/loga-mbony-1024x116.png 1024w, https:\/\/fundacjanh.org\/wp-content\/uploads\/2024\/03\/loga-mbony-300x34.png 300w, https:\/\/fundacjanh.org\/wp-content\/uploads\/2024\/03\/loga-mbony-768x87.png 768w, https:\/\/fundacjanh.org\/wp-content\/uploads\/2024\/03\/loga-mbony-1536x174.png 1536w, https:\/\/fundacjanh.org\/wp-content\/uploads\/2024\/03\/loga-mbony.png 1920w\" sizes=\"(max-width: 800px) 100vw, 800px\" \/>\t\t\t\t\t\t\t\t\t\t\t\t\t\t\t<\/div>\n\t\t\t\t<\/div>\n\t\t\t\t\t<\/div>\n\t\t<\/div>\n\t\t\t\t\t<\/div>\n\t\t<\/section>\n\t\t\t\t<section class=\"elementor-section elementor-top-section elementor-element elementor-element-c5dbebc elementor-section-boxed elementor-section-height-default elementor-section-height-default\" data-id=\"c5dbebc\" data-element_type=\"section\" data-e-type=\"section\" data-settings=\"{&quot;background_background&quot;:&quot;classic&quot;}\">\n\t\t\t\t\t\t<div class=\"elementor-container elementor-column-gap-default\">\n\t\t\t\t\t<div class=\"elementor-column elementor-col-20 elementor-top-column elementor-element elementor-element-cc09616\" data-id=\"cc09616\" data-element_type=\"column\" data-e-type=\"column\">\n\t\t\t<div class=\"elementor-widget-wrap elementor-element-populated\">\n\t\t\t\t\t\t<div class=\"elementor-element elementor-element-512cd2b elementor-widget__width-auto elementor-widget elementor-widget-button\" data-id=\"512cd2b\" data-element_type=\"widget\" data-e-type=\"widget\" data-widget_type=\"button.default\">\n\t\t\t\t<div class=\"elementor-widget-container\">\n\t\t\t\t\t\t\t\t\t<div class=\"elementor-button-wrapper\">\n\t\t\t\t\t<a class=\"elementor-button elementor-button-link elementor-size-sm\" href=\"#OP\">\n\t\t\t\t\t\t<span class=\"elementor-button-content-wrapper\">\n\t\t\t\t\t\t\t\t\t<span class=\"elementor-button-text\">O&nbsp;PROJEKCIE<\/span>\n\t\t\t\t\t<\/span>\n\t\t\t\t\t<\/a>\n\t\t\t\t<\/div>\n\t\t\t\t\t\t\t\t<\/div>\n\t\t\t\t<\/div>\n\t\t\t\t\t<\/div>\n\t\t<\/div>\n\t\t\t\t<div class=\"elementor-column elementor-col-20 elementor-top-column elementor-element elementor-element-a627d27\" data-id=\"a627d27\" data-element_type=\"column\" data-e-type=\"column\">\n\t\t\t<div class=\"elementor-widget-wrap elementor-element-populated\">\n\t\t\t\t\t\t<div class=\"elementor-element elementor-element-efb4683 elementor-widget__width-auto elementor-widget elementor-widget-button\" data-id=\"efb4683\" data-element_type=\"widget\" data-e-type=\"widget\" data-widget_type=\"button.default\">\n\t\t\t\t<div class=\"elementor-widget-container\">\n\t\t\t\t\t\t\t\t\t<div class=\"elementor-button-wrapper\">\n\t\t\t\t\t<a class=\"elementor-button elementor-button-link elementor-size-sm\" href=\"#DK\">\n\t\t\t\t\t\t<span class=\"elementor-button-content-wrapper\">\n\t\t\t\t\t\t\t\t\t<span class=\"elementor-button-text\">DLA&nbsp;KOGO?<\/span>\n\t\t\t\t\t<\/span>\n\t\t\t\t\t<\/a>\n\t\t\t\t<\/div>\n\t\t\t\t\t\t\t\t<\/div>\n\t\t\t\t<\/div>\n\t\t\t\t\t<\/div>\n\t\t<\/div>\n\t\t\t\t<div class=\"elementor-column elementor-col-20 elementor-top-column elementor-element elementor-element-03fc029\" data-id=\"03fc029\" data-element_type=\"column\" data-e-type=\"column\">\n\t\t\t<div class=\"elementor-widget-wrap elementor-element-populated\">\n\t\t\t\t\t\t<div class=\"elementor-element elementor-element-123cf3f elementor-widget__width-auto elementor-widget elementor-widget-button\" data-id=\"123cf3f\" data-element_type=\"widget\" data-e-type=\"widget\" data-widget_type=\"button.default\">\n\t\t\t\t<div class=\"elementor-widget-container\">\n\t\t\t\t\t\t\t\t\t<div class=\"elementor-button-wrapper\">\n\t\t\t\t\t<a class=\"elementor-button elementor-button-link elementor-size-sm\" href=\"#SD\">\n\t\t\t\t\t\t<span class=\"elementor-button-content-wrapper\">\n\t\t\t\t\t\t\t\t\t<span class=\"elementor-button-text\">SPOS\u00d3B DOFINANSOWANIA<\/span>\n\t\t\t\t\t<\/span>\n\t\t\t\t\t<\/a>\n\t\t\t\t<\/div>\n\t\t\t\t\t\t\t\t<\/div>\n\t\t\t\t<\/div>\n\t\t\t\t\t<\/div>\n\t\t<\/div>\n\t\t\t\t<div class=\"elementor-column elementor-col-20 elementor-top-column elementor-element elementor-element-ded0379\" data-id=\"ded0379\" data-element_type=\"column\" data-e-type=\"column\">\n\t\t\t<div class=\"elementor-widget-wrap elementor-element-populated\">\n\t\t\t\t\t\t<div class=\"elementor-element elementor-element-769d4d7 elementor-widget__width-auto elementor-widget elementor-widget-button\" data-id=\"769d4d7\" data-element_type=\"widget\" data-e-type=\"widget\" data-widget_type=\"button.default\">\n\t\t\t\t<div class=\"elementor-widget-container\">\n\t\t\t\t\t\t\t\t\t<div class=\"elementor-button-wrapper\">\n\t\t\t\t\t<a class=\"elementor-button elementor-button-link elementor-size-sm\" href=\"#WD\">\n\t\t\t\t\t\t<span class=\"elementor-button-content-wrapper\">\n\t\t\t\t\t\t\t\t\t<span class=\"elementor-button-text\">WYSOKO\u015a\u0106 DOFINANSOWANIA<\/span>\n\t\t\t\t\t<\/span>\n\t\t\t\t\t<\/a>\n\t\t\t\t<\/div>\n\t\t\t\t\t\t\t\t<\/div>\n\t\t\t\t<\/div>\n\t\t\t\t\t<\/div>\n\t\t<\/div>\n\t\t\t\t<div class=\"elementor-column elementor-col-20 elementor-top-column elementor-element elementor-element-8b20124\" data-id=\"8b20124\" data-element_type=\"column\" data-e-type=\"column\">\n\t\t\t<div class=\"elementor-widget-wrap elementor-element-populated\">\n\t\t\t\t\t\t<div class=\"elementor-element elementor-element-12bbc3d elementor-widget__width-auto elementor-widget elementor-widget-button\" data-id=\"12bbc3d\" data-element_type=\"widget\" data-e-type=\"widget\" data-widget_type=\"button.default\">\n\t\t\t\t<div class=\"elementor-widget-container\">\n\t\t\t\t\t\t\t\t\t<div class=\"elementor-button-wrapper\">\n\t\t\t\t\t<a class=\"elementor-button elementor-button-link elementor-size-sm\" href=\"#FUN\">\n\t\t\t\t\t\t<span class=\"elementor-button-content-wrapper\">\n\t\t\t\t\t\t\t\t\t<span class=\"elementor-button-text\">FUNDACJA<\/span>\n\t\t\t\t\t<\/span>\n\t\t\t\t\t<\/a>\n\t\t\t\t<\/div>\n\t\t\t\t\t\t\t\t<\/div>\n\t\t\t\t<\/div>\n\t\t\t\t\t<\/div>\n\t\t<\/div>\n\t\t\t\t\t<\/div>\n\t\t<\/section>\n\t\t\t\t<section class=\"elementor-section elementor-top-section elementor-element elementor-element-0064ae8 elementor-section-boxed elementor-section-height-default elementor-section-height-default\" data-id=\"0064ae8\" data-element_type=\"section\" data-e-type=\"section\" data-settings=\"{&quot;background_background&quot;:&quot;classic&quot;}\">\n\t\t\t\t\t\t<div class=\"elementor-container elementor-column-gap-default\">\n\t\t\t\t\t<div class=\"elementor-column elementor-col-100 elementor-top-column elementor-element elementor-element-6b888d5\" data-id=\"6b888d5\" data-element_type=\"column\" data-e-type=\"column\">\n\t\t\t<div class=\"elementor-widget-wrap elementor-element-populated\">\n\t\t\t\t\t\t<section class=\"elementor-section elementor-inner-section elementor-element elementor-element-25e2cc9 elementor-section-boxed elementor-section-height-default elementor-section-height-default\" data-id=\"25e2cc9\" data-element_type=\"section\" data-e-type=\"section\">\n\t\t\t\t\t\t<div class=\"elementor-container elementor-column-gap-default\">\n\t\t\t\t\t<div class=\"elementor-column elementor-col-50 elementor-inner-column elementor-element elementor-element-7841d66\" data-id=\"7841d66\" data-element_type=\"column\" data-e-type=\"column\">\n\t\t\t<div class=\"elementor-widget-wrap elementor-element-populated\">\n\t\t\t\t\t\t<div class=\"elementor-element elementor-element-c7642b3 elementor-widget elementor-widget-heading\" data-id=\"c7642b3\" data-element_type=\"widget\" data-e-type=\"widget\" data-widget_type=\"heading.default\">\n\t\t\t\t<div class=\"elementor-widget-container\">\n\t\t\t\t\t<h2 class=\"elementor-heading-title elementor-size-default\">O&nbsp;PROJEKCIE<\/h2>\t\t\t\t<\/div>\n\t\t\t\t<\/div>\n\t\t\t\t<div class=\"elementor-element elementor-element-e7bb76b elementor-widget elementor-widget-text-editor\" data-id=\"e7bb76b\" data-element_type=\"widget\" data-e-type=\"widget\" data-widget_type=\"text-editor.default\">\n\t\t\t\t<div class=\"elementor-widget-container\">\n\t\t\t\t\t\t\t\t\t<p>Projekt \u201eS\u0105deckie Bony Szkoleniowe\u201d to inicjatywa rozwojowa skierowana do&nbsp;mikro, ma\u0142ych i&nbsp;\u015brednich przedsi\u0119biorstw (M\u015aP) zlokalizowanych w&nbsp;subregionie S\u0105deckim, kt\u00f3ry obejmuje miasto Nowy S\u0105cz oraz&nbsp;powiaty: nowos\u0105decki, limanowski i&nbsp;gorlicki. Jest to szansa dla&nbsp;przedsi\u0119biorc\u00f3w na&nbsp;zwi\u0119kszenie konkurencyjno\u015bci i&nbsp;rozw\u00f3j zawodowy ich pracownik\u00f3w poprzez wsparcie w&nbsp;dost\u0119pie do&nbsp;us\u0142ug rozwojowych.<\/p><p>Dofinansowanie w&nbsp;ramach tego projektu mo\u017ce by\u0107 przeznaczone na&nbsp;pokrycie koszt\u00f3w udzia\u0142u w&nbsp;r\u00f3\u017cnorodnych formach doskonalenia zawodowego, w&nbsp;tym:<\/p><ul><li><strong>Szkolenia<\/strong> &#8211; programy edukacyjne maj\u0105ce na&nbsp;celu podniesienie kwalifikacji zawodowych pracownik\u00f3w, zwi\u0119kszenie ich kompetencji oraz&nbsp;umiej\u0119tno\u015bci niezb\u0119dnych w&nbsp;codziennej pracy.<\/li><li><strong>Doradztwo<\/strong> &#8211; sesje z&nbsp;ekspertami i&nbsp;specjalistami w&nbsp;r\u00f3\u017cnych dziedzinach, kt\u00f3re maj\u0105 na&nbsp;celu wsparcie przedsi\u0119biorstw w&nbsp;rozwi\u0105zywaniu bie\u017c\u0105cych problem\u00f3w, planowaniu rozwoju czy&nbsp;wdra\u017caniu nowych rozwi\u0105za\u0144.<\/li><li><strong>Egzaminy potwierdzaj\u0105ce kwalifikacje<\/strong> &#8211; op\u0142aty za&nbsp;egzaminy certyfikacyjne, kt\u00f3re s\u0105 potwierdzeniem zdobytych umiej\u0119tno\u015bci i&nbsp;wiedzy.<\/li><\/ul><div>\u00a0<\/div><p>Udzia\u0142 w&nbsp;\u201eS\u0105deckich Bonach Szkoleniowych\u201d jest okazj\u0105 do&nbsp;inwestycji w&nbsp;kapita\u0142 ludzki, kt\u00f3ry stanowi kluczowy element sukcesu ka\u017cdej firmy. To r\u00f3wnie\u017c szansa na&nbsp;dost\u0119p do&nbsp;nowych, cz\u0119sto specjalistycznych umiej\u0119tno\u015bci i&nbsp;wiedzy, kt\u00f3re mog\u0105 by\u0107 wykorzystane do&nbsp;rozwoju nowych produkt\u00f3w, us\u0142ug czy&nbsp;proces\u00f3w w&nbsp;przedsi\u0119biorstwie. Projekt ten jest wyrazem wsparcia dla&nbsp;lokalnej przedsi\u0119biorczo\u015bci, z&nbsp;my\u015bl\u0105 o&nbsp;przysz\u0142o\u015bci i&nbsp;zr\u00f3wnowa\u017conym rozwoju regionu.<\/p>\t\t\t\t\t\t\t\t<\/div>\n\t\t\t\t<\/div>\n\t\t\t\t\t<\/div>\n\t\t<\/div>\n\t\t\t\t<div class=\"elementor-column elementor-col-50 elementor-inner-column elementor-element elementor-element-5d141cf\" data-id=\"5d141cf\" data-element_type=\"column\" data-e-type=\"column\">\n\t\t\t<div class=\"elementor-widget-wrap elementor-element-populated\">\n\t\t\t\t\t\t<div class=\"elementor-element elementor-element-0fdd736 elementor-widget elementor-widget-spacer\" data-id=\"0fdd736\" data-element_type=\"widget\" data-e-type=\"widget\" data-widget_type=\"spacer.default\">\n\t\t\t\t<div class=\"elementor-widget-container\">\n\t\t\t\t\t\t\t<div class=\"elementor-spacer\">\n\t\t\t<div class=\"elementor-spacer-inner\"><\/div>\n\t\t<\/div>\n\t\t\t\t\t\t<\/div>\n\t\t\t\t<\/div>\n\t\t\t\t<div class=\"elementor-element elementor-element-591dea4 elementor-widget elementor-widget-spacer\" data-id=\"591dea4\" data-element_type=\"widget\" data-e-type=\"widget\" data-widget_type=\"spacer.default\">\n\t\t\t\t<div class=\"elementor-widget-container\">\n\t\t\t\t\t\t\t<div class=\"elementor-spacer\">\n\t\t\t<div class=\"elementor-spacer-inner\"><\/div>\n\t\t<\/div>\n\t\t\t\t\t\t<\/div>\n\t\t\t\t<\/div>\n\t\t\t\t<div class=\"elementor-element elementor-element-7f4b805 elementor-widget elementor-widget-image\" data-id=\"7f4b805\" data-element_type=\"widget\" data-e-type=\"widget\" data-widget_type=\"image.default\">\n\t\t\t\t<div class=\"elementor-widget-container\">\n\t\t\t\t\t\t\t\t\t\t\t\t\t\t\t<img decoding=\"async\" width=\"800\" height=\"566\" src=\"https:\/\/fundacjanh.org\/wp-content\/uploads\/2024\/03\/SADECKIE-BONY-SZKOLENIOWE-SZKOLENIA-DOFINANSOWANE-BONY-SZKOLENIOWE-FUNDACJA-PROMOCJI-NOWEJ-HUTY-1024x724.jpg\" class=\"attachment-large size-large wp-image-12200\" alt=\"Sadeckie Bony Szkoleniowe Szkolenia Dofinansowane Bony Szkoleniowe Fundacja Promocji Nowej Huty \u2013 Fundacja Promocji Nowej Huty\" srcset=\"https:\/\/fundacjanh.org\/wp-content\/uploads\/2024\/03\/SADECKIE-BONY-SZKOLENIOWE-SZKOLENIA-DOFINANSOWANE-BONY-SZKOLENIOWE-FUNDACJA-PROMOCJI-NOWEJ-HUTY-1024x724.jpg 1024w, https:\/\/fundacjanh.org\/wp-content\/uploads\/2024\/03\/SADECKIE-BONY-SZKOLENIOWE-SZKOLENIA-DOFINANSOWANE-BONY-SZKOLENIOWE-FUNDACJA-PROMOCJI-NOWEJ-HUTY-300x212.jpg 300w, https:\/\/fundacjanh.org\/wp-content\/uploads\/2024\/03\/SADECKIE-BONY-SZKOLENIOWE-SZKOLENIA-DOFINANSOWANE-BONY-SZKOLENIOWE-FUNDACJA-PROMOCJI-NOWEJ-HUTY-768x543.jpg 768w, https:\/\/fundacjanh.org\/wp-content\/uploads\/2024\/03\/SADECKIE-BONY-SZKOLENIOWE-SZKOLENIA-DOFINANSOWANE-BONY-SZKOLENIOWE-FUNDACJA-PROMOCJI-NOWEJ-HUTY-1536x1086.jpg 1536w, https:\/\/fundacjanh.org\/wp-content\/uploads\/2024\/03\/SADECKIE-BONY-SZKOLENIOWE-SZKOLENIA-DOFINANSOWANE-BONY-SZKOLENIOWE-FUNDACJA-PROMOCJI-NOWEJ-HUTY.jpg 1750w\" sizes=\"(max-width: 800px) 100vw, 800px\" \/>\t\t\t\t\t\t\t\t\t\t\t\t\t\t\t<\/div>\n\t\t\t\t<\/div>\n\t\t\t\t\t<\/div>\n\t\t<\/div>\n\t\t\t\t\t<\/div>\n\t\t<\/section>\n\t\t\t\t\t<\/div>\n\t\t<\/div>\n\t\t\t\t\t<\/div>\n\t\t<\/section>\n\t\t\t\t<section class=\"elementor-section elementor-top-section elementor-element elementor-element-a164600 elementor-section-boxed elementor-section-height-default elementor-section-height-default\" data-id=\"a164600\" data-element_type=\"section\" data-e-type=\"section\" data-settings=\"{&quot;background_background&quot;:&quot;classic&quot;}\">\n\t\t\t\t\t\t<div class=\"elementor-container elementor-column-gap-default\">\n\t\t\t\t\t<div class=\"elementor-column elementor-col-50 elementor-top-column elementor-element elementor-element-d6ede79\" data-id=\"d6ede79\" data-element_type=\"column\" data-e-type=\"column\">\n\t\t\t<div class=\"elementor-widget-wrap elementor-element-populated\">\n\t\t\t\t\t\t<div class=\"elementor-element elementor-element-8dc911b elementor-widget elementor-widget-spacer\" data-id=\"8dc911b\" data-element_type=\"widget\" data-e-type=\"widget\" data-widget_type=\"spacer.default\">\n\t\t\t\t<div class=\"elementor-widget-container\">\n\t\t\t\t\t\t\t<div class=\"elementor-spacer\">\n\t\t\t<div class=\"elementor-spacer-inner\"><\/div>\n\t\t<\/div>\n\t\t\t\t\t\t<\/div>\n\t\t\t\t<\/div>\n\t\t\t\t<div class=\"elementor-element elementor-element-2c7a4cb elementor-widget elementor-widget-image\" data-id=\"2c7a4cb\" data-element_type=\"widget\" data-e-type=\"widget\" data-widget_type=\"image.default\">\n\t\t\t\t<div class=\"elementor-widget-container\">\n\t\t\t\t\t\t\t\t\t\t\t\t\t\t\t<img loading=\"lazy\" decoding=\"async\" width=\"800\" height=\"566\" src=\"https:\/\/fundacjanh.org\/wp-content\/uploads\/2024\/03\/mbony-malopolskie-bony-rozwojowe-1024x724.jpg\" class=\"attachment-large size-large wp-image-12089\" alt=\"Mbony Malopolskie Bony Rozwojowe \u2013 Fundacja Promocji Nowej Huty\" srcset=\"https:\/\/fundacjanh.org\/wp-content\/uploads\/2024\/03\/mbony-malopolskie-bony-rozwojowe-1024x724.jpg 1024w, https:\/\/fundacjanh.org\/wp-content\/uploads\/2024\/03\/mbony-malopolskie-bony-rozwojowe-300x212.jpg 300w, https:\/\/fundacjanh.org\/wp-content\/uploads\/2024\/03\/mbony-malopolskie-bony-rozwojowe-768x543.jpg 768w, https:\/\/fundacjanh.org\/wp-content\/uploads\/2024\/03\/mbony-malopolskie-bony-rozwojowe-1536x1086.jpg 1536w, https:\/\/fundacjanh.org\/wp-content\/uploads\/2024\/03\/mbony-malopolskie-bony-rozwojowe.jpg 1920w\" sizes=\"(max-width: 800px) 100vw, 800px\" \/>\t\t\t\t\t\t\t\t\t\t\t\t\t\t\t<\/div>\n\t\t\t\t<\/div>\n\t\t\t\t\t<\/div>\n\t\t<\/div>\n\t\t\t\t<div class=\"elementor-column elementor-col-50 elementor-top-column elementor-element elementor-element-c762087\" data-id=\"c762087\" data-element_type=\"column\" data-e-type=\"column\">\n\t\t\t<div class=\"elementor-widget-wrap elementor-element-populated\">\n\t\t\t\t\t\t<div class=\"elementor-element elementor-element-8895c2c elementor-widget elementor-widget-heading\" data-id=\"8895c2c\" data-element_type=\"widget\" data-e-type=\"widget\" data-widget_type=\"heading.default\">\n\t\t\t\t<div class=\"elementor-widget-container\">\n\t\t\t\t\t<h2 class=\"elementor-heading-title elementor-size-default\">DLA&nbsp;KOGO?<\/h2>\t\t\t\t<\/div>\n\t\t\t\t<\/div>\n\t\t\t\t<div class=\"elementor-element elementor-element-2e97ac6 elementor-widget elementor-widget-text-editor\" data-id=\"2e97ac6\" data-element_type=\"widget\" data-e-type=\"widget\" data-widget_type=\"text-editor.default\">\n\t\t\t\t<div class=\"elementor-widget-container\">\n\t\t\t\t\t\t\t\t\t<p>Projekt \u201eS\u0105deckie Bony Szkoleniowe\u201d zosta\u0142 zaprojektowany z&nbsp;my\u015bl\u0105 o&nbsp;wsparciu rozwoju zawodowego pracownik\u00f3w oraz&nbsp;wzmacnianiu potencja\u0142u konkurencyjnego przedsi\u0119biorstw z&nbsp;subregionu S\u0105deckiego. Udzia\u0142 w&nbsp;tym programie jest dedykowany szerokiej grupie podmiot\u00f3w gospodarczych, kt\u00f3re maj\u0105 swoj\u0105 siedzib\u0119, fili\u0119, delegatur\u0119 lub&nbsp;inn\u0105 jednostk\u0119 organizacyjn\u0105 na&nbsp;terenie miasta Nowy S\u0105cz lub&nbsp;powiat\u00f3w: nowos\u0105deckiego, limanowskiego oraz&nbsp;gorlickiego. Kwalifikowa\u0107 si\u0119 mog\u0105 przedsi\u0119biorstwa nale\u017c\u0105ce do&nbsp;jednej z&nbsp;nast\u0119puj\u0105cych kategorii:<\/p><ol><li><p><strong>Samozatrudnieni<\/strong> &#8211; jednoosobowa dzia\u0142alno\u015b\u0107 gospodarcza, gdzie w\u0142a\u015bciciel firmy jest jednocze\u015bnie jej jedynym pracownikiem. To kategoria przedsi\u0119biorc\u00f3w, kt\u00f3rzy sami zarz\u0105dzaj\u0105 swoim biznesem i&nbsp;realizuj\u0105 wszystkie zwi\u0105zane z&nbsp;nim zadania.<\/p><\/li><li><p><strong>Mikroprzedsi\u0119biorstwa<\/strong> &#8211; firmy zatrudniaj\u0105ce mniej ni\u017c 10 os\u00f3b i&nbsp;osi\u0105gaj\u0105ce roczny obr\u00f3t nie przekraczaj\u0105cy 2 milion\u00f3w euro. Ta grupa przedsi\u0119biorstw odgrywa kluczow\u0105 rol\u0119 w&nbsp;lokalnej gospodarce, cz\u0119sto stanowi\u0105c jej podstaw\u0119.<\/p><\/li><li><p><strong>Ma\u0142e przedsi\u0119biorstwa<\/strong> &#8211; przedsi\u0119biorstwa zatrudniaj\u0105ce mniej ni\u017c 50 os\u00f3b, kt\u00f3rych roczny obr\u00f3t nie przekracza 10 milion\u00f3w euro. S\u0105 to firmy, kt\u00f3re maj\u0105 ju\u017c wi\u0119ksze mo\u017cliwo\u015bci rozwojowe i&nbsp;mog\u0105 wywiera\u0107 znacz\u0105cy wp\u0142yw na&nbsp;lokalny rynek.<\/p><\/li><li><p><strong>\u015arednie przedsi\u0119biorstwa<\/strong> &#8211; firmy zatrudniaj\u0105ce mniej ni\u017c 250 os\u00f3b, z&nbsp;rocznym obrotem nie przekraczaj\u0105cym 50 milion\u00f3w euro. Przedsi\u0119biorstwa te odgrywaj\u0105 wa\u017cn\u0105 rol\u0119 w&nbsp;ekonomii regionu, cz\u0119sto b\u0119d\u0105c liderami innowacji i&nbsp;rozwoju.<\/p><\/li><li><p><strong>Pracownicy wy\u017cej wymienionych firm<\/strong> &#8211; projekt skierowany jest tak\u017ce bezpo\u015brednio do&nbsp;os\u00f3b zatrudnionych w&nbsp;powy\u017cszych kategoriach przedsi\u0119biorstw, co stanowi szans\u0119 na&nbsp;ich osobisty rozw\u00f3j zawodowy i&nbsp;podnoszenie kwalifikacji.<\/p><\/li><\/ol>\t\t\t\t\t\t\t\t<\/div>\n\t\t\t\t<\/div>\n\t\t\t\t\t<\/div>\n\t\t<\/div>\n\t\t\t\t\t<\/div>\n\t\t<\/section>\n\t\t\t\t<section class=\"elementor-section elementor-top-section elementor-element elementor-element-a4c0f42 elementor-section-boxed elementor-section-height-default elementor-section-height-default\" data-id=\"a4c0f42\" data-element_type=\"section\" data-e-type=\"section\" data-settings=\"{&quot;background_background&quot;:&quot;classic&quot;}\">\n\t\t\t\t\t\t<div class=\"elementor-container elementor-column-gap-default\">\n\t\t\t\t\t<div class=\"elementor-column elementor-col-100 elementor-top-column elementor-element elementor-element-4c3347e\" data-id=\"4c3347e\" data-element_type=\"column\" data-e-type=\"column\">\n\t\t\t<div class=\"elementor-widget-wrap elementor-element-populated\">\n\t\t\t\t\t\t<section class=\"elementor-section elementor-inner-section elementor-element elementor-element-e7b6e21 elementor-section-boxed elementor-section-height-default elementor-section-height-default\" data-id=\"e7b6e21\" data-element_type=\"section\" data-e-type=\"section\">\n\t\t\t\t\t\t<div class=\"elementor-container elementor-column-gap-default\">\n\t\t\t\t\t<div class=\"elementor-column elementor-col-100 elementor-inner-column elementor-element elementor-element-4b61dfc\" data-id=\"4b61dfc\" data-element_type=\"column\" data-e-type=\"column\">\n\t\t\t<div class=\"elementor-widget-wrap elementor-element-populated\">\n\t\t\t\t\t\t<div class=\"elementor-element elementor-element-79b933a elementor-widget elementor-widget-heading\" data-id=\"79b933a\" data-element_type=\"widget\" data-e-type=\"widget\" data-widget_type=\"heading.default\">\n\t\t\t\t<div class=\"elementor-widget-container\">\n\t\t\t\t\t<h2 class=\"elementor-heading-title elementor-size-default\">WYSOKO\u015a\u0106 DOFINANSOWANIA<\/h2>\t\t\t\t<\/div>\n\t\t\t\t<\/div>\n\t\t\t\t<div class=\"elementor-element elementor-element-478be2e elementor-widget elementor-widget-text-editor\" data-id=\"478be2e\" data-element_type=\"widget\" data-e-type=\"widget\" data-widget_type=\"text-editor.default\">\n\t\t\t\t<div class=\"elementor-widget-container\">\n\t\t\t\t\t\t\t\t\t<p>Projekt \u201eS\u0105deckie Bony Szkoleniowe\u201d oferuje dofinansowanie do&nbsp;80% koszt\u00f3w us\u0142ug rozwojowych, takich jak szkolenia, doradztwo i&nbsp;egzaminy, wybieranych z&nbsp;Bazy Us\u0142ug Rozwojowych.<\/p>\t\t\t\t\t\t\t\t<\/div>\n\t\t\t\t<\/div>\n\t\t\t\t\t<\/div>\n\t\t<\/div>\n\t\t\t\t\t<\/div>\n\t\t<\/section>\n\t\t\t\t\t<\/div>\n\t\t<\/div>\n\t\t\t\t\t<\/div>\n\t\t<\/section>\n\t\t\t\t<\/div>\n\t\t","protected":false},"excerpt":{"rendered":"<p>S\u0104DECKIE BONY SZKOLENIOWE O&nbsp;PROJEKCIE DLA&nbsp;KOGO? SPOS\u00d3B DOFINANSOWANIA WYSOKO\u015a\u0106 DOFINANSOWANIA FUNDACJA O&nbsp;PROJEKCIE Projekt \u201eS\u0105deckie Bony Szkoleniowe\u201d to inicjatywa rozwojowa skierowana do&nbsp;mikro, ma\u0142ych i&nbsp;\u015brednich przedsi\u0119biorstw (M\u015aP) zlokalizowanych w&nbsp;subregionie S\u0105deckim, kt\u00f3ry obejmuje miasto Nowy S\u0105cz oraz&nbsp;powiaty: nowos\u0105decki, limanowski i&nbsp;gorlicki. Jest to szansa dla&nbsp;przedsi\u0119biorc\u00f3w na&nbsp;zwi\u0119kszenie konkurencyjno\u015bci i&nbsp;rozw\u00f3j zawodowy ich pracownik\u00f3w poprzez wsparcie w&nbsp;dost\u0119pie do&nbsp;us\u0142ug rozwojowych. Dofinansowanie w&nbsp;ramach tego projektu [&hellip;]<\/p>\n","protected":false},"author":4,"featured_media":0,"parent":0,"menu_order":0,"comment_status":"closed","ping_status":"closed","template":"elementor_header_footer","meta":{"inline_featured_image":false,"_monsterinsights_skip_tracking":false,"_monsterinsights_sitenote_active":false,"_monsterinsights_sitenote_note":"","_monsterinsights_sitenote_category":0,"footnotes":""},"class_list":["post-12190","page","type-page","status-publish","hentry"],"_links":{"self":[{"href":"https:\/\/fundacjanh.org\/pl\/wp-json\/wp\/v2\/pages\/12190","targetHints":{"allow":["GET"]}}],"collection":[{"href":"https:\/\/fundacjanh.org\/pl\/wp-json\/wp\/v2\/pages"}],"about":[{"href":"https:\/\/fundacjanh.org\/pl\/wp-json\/wp\/v2\/types\/page"}],"author":[{"embeddable":true,"href":"https:\/\/fundacjanh.org\/pl\/wp-json\/wp\/v2\/users\/4"}],"replies":[{"embeddable":true,"href":"https:\/\/fundacjanh.org\/pl\/wp-json\/wp\/v2\/comments?post=12190"}],"version-history":[{"count":28,"href":"https:\/\/fundacjanh.org\/pl\/wp-json\/wp\/v2\/pages\/12190\/revisions"}],"predecessor-version":[{"id":12225,"href":"https:\/\/fundacjanh.org\/pl\/wp-json\/wp\/v2\/pages\/12190\/revisions\/12225"}],"wp:attachment":[{"href":"https:\/\/fundacjanh.org\/pl\/wp-json\/wp\/v2\/media?parent=12190"}],"curies":[{"name":"wp","href":"https:\/\/api.w.org\/{rel}","templated":true}]}}