{"id":16495,"date":"2026-02-22T12:53:46","date_gmt":"2026-02-22T11:53:46","guid":{"rendered":"https:\/\/fundacjanh.org\/deklaracja-dostepnosci\/"},"modified":"2026-02-22T12:53:46","modified_gmt":"2026-02-22T11:53:46","slug":"deklaracja-dostepnosci","status":"publish","type":"page","link":"https:\/\/fundacjanh.org\/pl\/deklaracja-dostepnosci\/","title":{"rendered":"Deklaracja dost\u0119pno\u015bci"},"content":{"rendered":"<h2>Wst\u0119p<\/h2>\n<p><strong>Fundacja Promocji Nowej Huty<\/strong> zobowi\u0105zuje si\u0119 zapewni\u0107 dost\u0119pno\u015b\u0107 swojej strony internetowej zgodnie z&nbsp;przepisami ustawy z&nbsp;dnia 4 kwietnia 2019 r. o&nbsp;dost\u0119pno\u015bci cyfrowej stron internetowych i&nbsp;aplikacji mobilnych podmiot\u00f3w publicznych (Dz.U. 2019 poz. 848). Niniejsze o\u015bwiadczenie o&nbsp;dost\u0119pno\u015bci dotyczy serwisu <a href=\"https:\/\/fundacjanh.org\">fundacjanh.org<\/a>.<\/p>\n<h2>Status zgodno\u015bci<\/h2>\n<p>Strona jest <strong>cz\u0119\u015bciowo zgodna<\/strong> ze standardem <a href=\"https:\/\/www.w3.org\/TR\/WCAG21\/\" rel=\"noopener\" target=\"_blank\">WCAG 2.1 na&nbsp;poziomie AA<\/a> z&nbsp;powodu niezgodno\u015bci i&nbsp;wy\u0142\u0105cze\u0144 wymienionych poni\u017cej.<\/p>\n<h2>Tre\u015bci niedost\u0119pne<\/h2>\n<ul>\n<li>Cz\u0119\u015b\u0107 osadzonych materia\u0142\u00f3w wideo nie posiada napis\u00f3w rozszerzonych (brak wymaga\u0144 prawnych dla&nbsp;archiwalnych materia\u0142\u00f3w).<\/li>\n<li>Cz\u0119\u015b\u0107 starszych dokument\u00f3w PDF mo\u017ce nie posiada\u0107 tag\u00f3w dost\u0119pno\u015bci (wy\u0142\u0105czenie zgodnie z&nbsp;ustaw\u0105 \u2014 dokumenty opublikowane przed 23 wrze\u015bnia 2018 r.).<\/li>\n<li>Cz\u0119\u015b\u0107 interaktywnych map Google mo\u017ce nie by\u0107 w&nbsp;pe\u0142ni obs\u0142ugiwana klawiatur\u0105 (ograniczenie zewn\u0119trznego dostawcy).<\/li>\n<\/ul>\n<h2>Przygotowanie deklaracji dost\u0119pno\u015bci<\/h2>\n<ul>\n<li>Data sporz\u0105dzenia deklaracji: <strong>2026-02-22<\/strong><\/li>\n<li>Data ostatniego przegl\u0105du deklaracji: <strong>2026-02-22<\/strong><\/li>\n<li>Deklaracj\u0119 sporz\u0105dzono na&nbsp;podstawie samooceny przeprowadzonej przez&nbsp;pracownik\u00f3w fundacji z&nbsp;wykorzystaniem narz\u0119dzia WAVE Web Accessibility Evaluation Tool.<\/li>\n<\/ul>\n<h2>Skr\u00f3ty klawiaturowe<\/h2>\n<p>Na&nbsp;stronie nie zastosowano \u017cadnych specjalnych skr\u00f3t\u00f3w klawiaturowych. Strona umo\u017cliwia nawigacj\u0119 za&nbsp;pomoc\u0105 klawisza Tab i&nbsp;strza\u0142ek. Dost\u0119pny jest link \u201ePrzejd\u017a do&nbsp;tre\u015bci&#8221; widoczny po&nbsp;naci\u015bni\u0119ciu klawisza Tab.<\/p>\n<h2>Informacje zwrotne i&nbsp;dane kontaktowe<\/h2>\n<p>W&nbsp;przypadku problem\u00f3w z&nbsp;dost\u0119pno\u015bci\u0105 strony internetowej prosimy o&nbsp;kontakt:<\/p>\n<ul>\n<li>Osoba odpowiedzialna: <strong>Koordynator ds. dost\u0119pno\u015bci \u2014 Fundacja Promocji Nowej Huty<\/strong><\/li>\n<li>E-mail: <a href=\"mailto:biuro@fundacjanh.org\">biuro@fundacjanh.org<\/a><\/li>\n<li>Telefon: <a href=\"tel:+48575661551\">+48 575 661 551<\/a><\/li>\n<\/ul>\n<p>T\u0105 sam\u0105 drog\u0105 mo\u017cna sk\u0142ada\u0107 wnioski o&nbsp;udost\u0119pnienie informacji niedost\u0119pnej oraz&nbsp;\u017c\u0105dania zapewnienia dost\u0119pno\u015bci. Czas realizacji: 7 dni roboczych. W&nbsp;uzasadnionych przypadkach termin mo\u017ce zosta\u0107 przed\u0142u\u017cony do&nbsp;2 miesi\u0119cy.<\/p>\n<h2>Post\u0119powanie odwo\u0142awcze<\/h2>\n<p>W&nbsp;przypadku, gdy podmiot publiczny odm\u00f3wi realizacji \u017c\u0105dania zapewnienia dost\u0119pno\u015bci lub&nbsp;alternatywnego sposobu dost\u0119pu do&nbsp;informacji, wnosz\u0105cy \u017c\u0105danie ma prawo z\u0142o\u017cy\u0107 skarg\u0119 w&nbsp;sprawie zapewnienia dost\u0119pno\u015bci cyfrowej do&nbsp;<a href=\"https:\/\/www.rpo.gov.pl\" rel=\"noopener\" target=\"_blank\">Rzecznika Praw Obywatelskich<\/a>.<\/p>\n<h2>Dost\u0119pno\u015b\u0107 architektoniczna<\/h2>\n<p>Siedziba fundacji: <strong>os. Centrum D7 lok. us\u0142ugowy 8, 31-933 Krak\u00f3w<\/strong><\/p>\n<ul>\n<li>Biuro mie\u015bci si\u0119 na&nbsp;parterze \u2014 brak barier architektonicznych przy&nbsp;wej\u015bciu.<\/li>\n<li>Brak windy \u2014 biuro dost\u0119pne z&nbsp;poziomu gruntu.<\/li>\n<li>Parking: miejsca postojowe dost\u0119pne na&nbsp;osiedlowym parkingu w&nbsp;pobli\u017cu.<\/li>\n<li>Obs\u0142uga os\u00f3b g\u0142uchoniemych: mo\u017cliwo\u015b\u0107 kontaktu przez&nbsp;e-mail oraz&nbsp;SMS pod&nbsp;nr +48 575 661 551.<\/li>\n<\/ul>\n","protected":false},"excerpt":{"rendered":"<p>Wst\u0119p Fundacja Promocji Nowej Huty zobowi\u0105zuje si\u0119 zapewni\u0107 dost\u0119pno\u015b\u0107 swojej strony internetowej zgodnie z&nbsp;przepisami ustawy z&nbsp;dnia 4 kwietnia 2019 r. o&nbsp;dost\u0119pno\u015bci cyfrowej stron internetowych i&nbsp;aplikacji mobilnych podmiot\u00f3w publicznych (Dz.U. 2019 poz. 848). Niniejsze o\u015bwiadczenie o&nbsp;dost\u0119pno\u015bci dotyczy serwisu fundacjanh.org. Status zgodno\u015bci Strona jest cz\u0119\u015bciowo zgodna ze standardem WCAG 2.1 na&nbsp;poziomie AA z&nbsp;powodu niezgodno\u015bci i&nbsp;wy\u0142\u0105cze\u0144 wymienionych poni\u017cej. [&hellip;]<\/p>\n","protected":false},"author":0,"featured_media":0,"parent":0,"menu_order":0,"comment_status":"closed","ping_status":"closed","template":"","meta":{"inline_featured_image":false,"_monsterinsights_skip_tracking":false,"_monsterinsights_sitenote_active":false,"_monsterinsights_sitenote_note":"","_monsterinsights_sitenote_category":0,"footnotes":""},"class_list":["post-16495","page","type-page","status-publish","hentry"],"_links":{"self":[{"href":"https:\/\/fundacjanh.org\/pl\/wp-json\/wp\/v2\/pages\/16495","targetHints":{"allow":["GET"]}}],"collection":[{"href":"https:\/\/fundacjanh.org\/pl\/wp-json\/wp\/v2\/pages"}],"about":[{"href":"https:\/\/fundacjanh.org\/pl\/wp-json\/wp\/v2\/types\/page"}],"replies":[{"embeddable":true,"href":"https:\/\/fundacjanh.org\/pl\/wp-json\/wp\/v2\/comments?post=16495"}],"version-history":[{"count":0,"href":"https:\/\/fundacjanh.org\/pl\/wp-json\/wp\/v2\/pages\/16495\/revisions"}],"wp:attachment":[{"href":"https:\/\/fundacjanh.org\/pl\/wp-json\/wp\/v2\/media?parent=16495"}],"curies":[{"name":"wp","href":"https:\/\/api.w.org\/{rel}","templated":true}]}}