{"id":6819,"date":"2022-03-16T12:29:30","date_gmt":"2022-03-16T11:29:30","guid":{"rendered":"https:\/\/fundacjanh.org\/?page_id=6819"},"modified":"2022-03-16T12:29:30","modified_gmt":"2022-03-16T11:29:30","slug":"kochamnowahuta2022","status":"publish","type":"page","link":"https:\/\/fundacjanh.org\/pl\/kochamnowahuta2022\/","title":{"rendered":"Kocham Now\u0105 Hut\u0119 2022"},"content":{"rendered":"<p>[vc_row parallax=&#8221;content-moving&#8221; parallax_image=&#8221;687&#8243; css=&#8221;.vc_custom_1566131734097{padding-top: 180px&nbsp;!important;}&#8221;][vc_column][dylan_page_title title=&#8221;Wydarzenie Kocham Now\u0105 Hut\u0119&#8221; subtitle=&#8221;Nowohuckie kalendarze 2022&#8243; tag=&#8221;h1&#8243; horizontal_rule=&#8221;1&#8243; hr_color=&#8221;colored&#8221; text_transform=&#8221;upper&#8221; title_color=&#8221;#eca900&#8243;][vc_row_inner el_class=&#8221;text-center dark-buttons inline-buttons-box&#8221;][vc_column_inner][dylan_button text=&#8221;O projekcie&#8221; link=&#8221;url:%23o-projekcie|title:O%20projekcie||&#8221; style=&#8221;light-out&#8221; size=&#8221;btn-sm&#8221;][dylan_button text=&#8221;Partnerzy projektu&#8221; link=&#8221;url:%23katalogi|title:Katalogi%20Szkole%C5%84&#8243; style=&#8221;light-out&#8221; size=&#8221;btn-sm&#8221;][\/vc_column_inner][\/vc_row_inner][\/vc_column][\/vc_row][vc_row row_bg_color=&#8221;colored-bg&#8221; el_id=&#8221;o-projekcie&#8221; css=&#8221;.vc_custom_1610625629134{padding-bottom: 0px&nbsp;!important;}&#8221;][vc_column offset=&#8221;vc_col-sm-offset-0&#8243;][single_image_for_vc_image imagesetting_image=&#8221;6820&#8243; containerstyle_paddingbottom=&#8221;50&#8243;][dylan_page_title title=&#8221;Kocham Now\u0105 Hut\u0119 &#8211; Nowohuckie Kalendarze 2022&#8243; tag=&#8221;h3&#8243; horizontal_rule=&#8221;1&#8243; hr_color=&#8221;white&#8221; text_transform=&#8221;upper&#8221;][vc_row_inner css=&#8221;.vc_custom_1610625840913{margin-right: -30px&nbsp;!important;margin-left: -30px&nbsp;!important;}&#8221;][vc_column_inner width=&#8221;2\/3&#8243; offset=&#8221;vc_col-sm-offset-0&#8243; css=&#8221;.vc_custom_1610625875768{padding-right: 30px&nbsp;!important;padding-bottom: 120px&nbsp;!important;padding-left: 30px&nbsp;!important;}&#8221;][vc_column_text]<\/p>\n<div class=\"kvgmc6g5 cxmmr5t8 oygrvhab hcukyx3x c1et5uql\">Kochani!<span class=\"pq6dq46d tbxw36s4 knj5qynh kvgmc6g5 ditlmg2l oygrvhab nvdbi5me sf5mxxl7 gl3lb2sf hhz5lgdu\"><img decoding=\"async\" src=\"https:\/\/static.xx.fbcdn.net\/images\/emoji.php\/v9\/t6c\/1\/16\/2764.png\" alt=\"\u2764\ufe0f\" width=\"16\" height=\"16\" \/><\/span>Wielkimi krokami zbli\u017caj\u0105 si\u0119 Walentynki &#8211; \u015bwi\u0119to zakochanych<span class=\"pq6dq46d tbxw36s4 knj5qynh kvgmc6g5 ditlmg2l oygrvhab nvdbi5me sf5mxxl7 gl3lb2sf hhz5lgdu\"><img decoding=\"async\" src=\"https:\/\/static.xx.fbcdn.net\/images\/emoji.php\/v9\/tea\/1\/16\/1f970.png\" alt=\"\ud83e\udd70\" width=\"16\" height=\"16\" \/><\/span>. To kolejna okazja do&nbsp;wyra\u017cenia uczu\u0107 wobec swojej dzielnicy &#8211; Nowej Huty!<span class=\"pq6dq46d tbxw36s4 knj5qynh kvgmc6g5 ditlmg2l oygrvhab nvdbi5me sf5mxxl7 gl3lb2sf hhz5lgdu\"><img decoding=\"async\" src=\"https:\/\/static.xx.fbcdn.net\/images\/emoji.php\/v9\/t2a\/1\/16\/1f3ed.png\" alt=\"\ud83c\udfed\" width=\"16\" height=\"16\" \/><\/span><\/div>\n<div class=\"cxmmr5t8 oygrvhab hcukyx3x c1et5uql o9v6fnle\">Trwaj\u0105 ostatnie prace nad&nbsp;naszym tradycyjnym ju\u017c kalendarzem, w&nbsp;kt\u00f3rym rok liczymy od lutego do&nbsp;lutego<span class=\"pq6dq46d tbxw36s4 knj5qynh kvgmc6g5 ditlmg2l oygrvhab nvdbi5me sf5mxxl7 gl3lb2sf hhz5lgdu\"><img loading=\"lazy\" decoding=\"async\" src=\"https:\/\/static.xx.fbcdn.net\/images\/emoji.php\/v9\/t7e\/1\/16\/1f4c5.png\" alt=\"\ud83d\udcc5\" width=\"16\" height=\"16\" \/><\/span>.<\/div>\n<div class=\"cxmmr5t8 oygrvhab hcukyx3x c1et5uql o9v6fnle\">Jak co roku zdj\u0119cie umieszczone na&nbsp;kalendarzu pozostanie tajemnic\u0105 do&nbsp;dnia jego premiery, czyli&nbsp;14 lutego 2022 roku. Dlatego&nbsp;rezerwujcie ten dzie\u0144 i&nbsp;sp\u0119d\u017acie go razem z&nbsp;nami ju\u017c PO&nbsp;RAZ 7&nbsp;!<span class=\"sf5mxxl7 nvdbi5me oygrvhab ditlmg2l kvgmc6g5 knj5qynh tbxw36s4 pq6dq46d\">\u2764\ufe0f\u200d\ud83d\udd25<\/span><\/div>\n<div class=\"cxmmr5t8 oygrvhab hcukyx3x c1et5uql o9v6fnle\">Tradycyjnie spotkamy si\u0119 w&nbsp;samo po\u0142udnie na&nbsp;deptaku w&nbsp;al. R\u00f3\u017c.<span class=\"pq6dq46d tbxw36s4 knj5qynh kvgmc6g5 ditlmg2l oygrvhab nvdbi5me sf5mxxl7 gl3lb2sf hhz5lgdu\"><img loading=\"lazy\" decoding=\"async\" src=\"https:\/\/static.xx.fbcdn.net\/images\/emoji.php\/v9\/t71\/1\/16\/1f339.png\" alt=\"\ud83c\udf39\" width=\"16\" height=\"16\" \/><\/span>\u00a0&#8211; tam b\u0119dziecie mogli odebra\u0107 swoje egzemplarze kalendarzy z&nbsp;zachowaniem wszelkich \u015brodk\u00f3w ostro\u017cno\u015bci, na&nbsp;kilku naszych stoiskach<span class=\"pq6dq46d tbxw36s4 knj5qynh kvgmc6g5 ditlmg2l oygrvhab nvdbi5me sf5mxxl7 gl3lb2sf hhz5lgdu\"><img loading=\"lazy\" decoding=\"async\" src=\"https:\/\/static.xx.fbcdn.net\/images\/emoji.php\/v9\/t7f\/1\/16\/1f60a.png\" alt=\"\ud83d\ude0a\" width=\"16\" height=\"16\" \/><\/span>.<\/div>\n<div class=\"cxmmr5t8 oygrvhab hcukyx3x c1et5uql o9v6fnle\">B\u0119dzie r\u00f3wnie\u017c Krwiobus, w&nbsp;kt\u00f3rym ch\u0119tni b\u0119d\u0105 mogli odda\u0107 krew<span class=\"pq6dq46d tbxw36s4 knj5qynh kvgmc6g5 ditlmg2l oygrvhab nvdbi5me sf5mxxl7 gl3lb2sf hhz5lgdu\"><img loading=\"lazy\" decoding=\"async\" src=\"https:\/\/static.xx.fbcdn.net\/images\/emoji.php\/v9\/t1a\/1\/16\/1fa78.png\" alt=\"\ud83e\ude78\" width=\"16\" height=\"16\" \/><\/span>.<br \/>\nZgodnie z&nbsp;tradycj\u0105 &#8211; nie zapomnimy o&nbsp;naszych hutnikach i&nbsp;pojawimy si\u0119 przed bram\u0105 nowohuckiego kombinatu<span class=\"sf5mxxl7 nvdbi5me oygrvhab ditlmg2l kvgmc6g5 knj5qynh tbxw36s4 pq6dq46d\">\u2764\ufe0f\u200d\ud83d\udd25<\/span>.<br \/> O&nbsp;kolejnych szczeg\u00f3\u0142ach b\u0119dziemy Was informowa\u0107 na&nbsp;bie\u017c\u0105co<span class=\"pq6dq46d tbxw36s4 knj5qynh kvgmc6g5 ditlmg2l oygrvhab nvdbi5me sf5mxxl7 gl3lb2sf hhz5lgdu\"><img loading=\"lazy\" decoding=\"async\" src=\"https:\/\/static.xx.fbcdn.net\/images\/emoji.php\/v9\/t7f\/1\/16\/1f60a.png\" alt=\"\ud83d\ude0a\" width=\"16\" height=\"16\" \/><\/span>.<\/div>\n<div class=\"cxmmr5t8 oygrvhab hcukyx3x c1et5uql o9v6fnle\"><span class=\"pq6dq46d tbxw36s4 knj5qynh kvgmc6g5 ditlmg2l oygrvhab nvdbi5me sf5mxxl7 gl3lb2sf hhz5lgdu\"><img loading=\"lazy\" decoding=\"async\" src=\"https:\/\/static.xx.fbcdn.net\/images\/emoji.php\/v9\/t9e\/1\/16\/27a1.png\" alt=\"\u27a1\ufe0f\" width=\"16\" height=\"16\" \/><\/span>Harmonogram:<br \/>\n\u2013 12:00-14:00 \u2013 Premiera kalendarza na&nbsp;al. R\u00f3\u017c<br \/>\n\u2013 Kolporta\u017c kalendarzy na&nbsp;Placu Centralnym,<br \/>\n\u2013 13:30-15:00 oraz&nbsp;21:00-22:00 \u2013 kolporta\u017c kalendarzy przy&nbsp;bramach Kombinatu.<\/div>\n<div class=\"cxmmr5t8 oygrvhab hcukyx3x c1et5uql o9v6fnle\">Kalendarze s\u0105 BEZP\u0141ATNE!<span class=\"pq6dq46d tbxw36s4 knj5qynh kvgmc6g5 ditlmg2l oygrvhab nvdbi5me sf5mxxl7 gl3lb2sf hhz5lgdu\"><img loading=\"lazy\" decoding=\"async\" src=\"https:\/\/static.xx.fbcdn.net\/images\/emoji.php\/v9\/t84\/1\/16\/1f381.png\" alt=\"\ud83c\udf81\" width=\"16\" height=\"16\" \/><\/span><\/div>\n<div class=\"cxmmr5t8 oygrvhab hcukyx3x c1et5uql o9v6fnle\">Je\u015bli pogoda w&nbsp;ten dzie\u0144 nie b\u0119dzie nam sprzyja\u0107 poinformujemy o&nbsp;mo\u017cliwo\u015bci odbioru kalendarzy w&nbsp;innych miejscach, m.in. w&nbsp;biurze Fundacji Promocji Nowej Huty na&nbsp;os. Centrum D 7 lok. 8 (obok punktu sprzeda\u017cy bilet\u00f3w MPK).<\/div>\n<div class=\"cxmmr5t8 oygrvhab hcukyx3x c1et5uql o9v6fnle\">Serdecznie zapraszamy!<span class=\"pq6dq46d tbxw36s4 knj5qynh kvgmc6g5 ditlmg2l oygrvhab nvdbi5me sf5mxxl7 gl3lb2sf hhz5lgdu\"><img decoding=\"async\" src=\"https:\/\/static.xx.fbcdn.net\/images\/emoji.php\/v9\/t6c\/1\/16\/2764.png\" alt=\"\u2764\ufe0f\" width=\"16\" height=\"16\" \/><\/span><\/div>\n<div class=\"cxmmr5t8 oygrvhab hcukyx3x c1et5uql o9v6fnle\">\n<p>Sponsorzy i&nbsp;partnerzy akcji:<\/p>\n<ul>\n<li>Krak\u00f3w PL<\/li>\n<li>Magiczny Krak\u00f3w<\/li>\n<li>ArcelorMittal Poland<\/li>\n<li>Ma\u0142opolska Agencja Rozwoju Regionalnego S.A.<\/li>\n<li>Krak\u00f3w Nowa Huta Przysz\u0142o\u015bci S.A.<\/li>\n<li>\u00a0TAURON Arena Krak\u00f3w<\/li>\n<li>Przedsi\u0119biorstwo Us\u0142ug Hotelarskich i&nbsp;Turystycznych &#8222;Krak\u00f3w&#8221; w&nbsp;Krakowie<\/li>\n<li>\u00a0Rada Dzielnicy\u00a0 XVIII Nowa Huta<\/li>\n<\/ul>\n<\/div>\n<p>[\/vc_column_text][vc_column_text][\/vc_column_text][vc_video link=&#8221;https:\/\/youtu.be\/WMSLNEkDjhg&#8221; align=&#8221;center&#8221; title=&#8221;Oficjalna wideo relacja z&nbsp;wydarzenia:&#8221;][vc_video link=&#8221;https:\/\/www.youtube.com\/watch?v=yIjsh1Xi8F0&amp;t=1s&#8221; align=&#8221;center&#8221; title=&#8221;Wideo relacja z&nbsp;wydarzenia MC ROBAK &#8211; NOWA HUTA MEDIA&#8221;][\/vc_column_inner][vc_column_inner width=&#8221;1\/3&#8243; css=&#8221;.vc_custom_1610625886838{padding-right: 30px&nbsp;!important;padding-bottom: 120px&nbsp;!important;padding-left: 30px&nbsp;!important;background-color: #1abc9c&nbsp;!important;}&#8221;][dylan_social_icons socials=&#8221;%5B%7B%22social%22%3A%22facebook%22%2C%22url%22%3A%22https%3A%2F%2Fwww.facebook.com%2FFundacjaPromocjiNowejHuty%22%7D%2C%7B%22social%22%3A%22instagram%22%2C%22url%22%3A%22https%3A%2F%2Fwww.instagram.com%2Ffundacjanh%2F%22%7D%2C%7B%22social%22%3A%22youtube%22%2C%22url%22%3A%22https%3A%2F%2Fwww.youtube.com%2Fuser%2Fsolara222%22%7D%5D&#8221;][dylan_page_title title=&#8221;Jeste\u015b zainteresowany wsparciem naszego wydarzenia?&#8221; tag=&#8221;h5&#8243; text_transform=&#8221;upper&#8221;][dylan_page_title title=&#8221;Napisz do&nbsp;nas&#8221; tag=&#8221;h4&#8243; horizontal_rule=&#8221;1&#8243; hr_color=&#8221;white&#8221; text_transform=&#8221;upper&#8221;][contact-form-7 id=&#8221;5209&#8243;][dylan_page_title title=&#8221;Zadzwo\u0144 do&nbsp;nas, b\u0119dzie szybciej&#8221; subtitle=&#8221;tel:510313661<br \/>\ntel:535616325&#8243; tag=&#8221;h1&#8243;][\/vc_column_inner][\/vc_row_inner][dylan_page_title title=&#8221;Partnerzy Strategiczni&#8221; subtitle=&#8221;Sponsorzy wydarzenia&#8221; tag=&#8221;h1&#8243; horizontal_rule=&#8221;1&#8243; hr_color=&#8221;colored&#8221; text_transform=&#8221;upper&#8221; title_color=&#8221;#ffffff&#8221;][\/vc_column][\/vc_row][vc_row][dylan_carousel items=&#8221;5&#8243; md_items=&#8221;4&#8243; sm_items=&#8221;3&#8243; xs_items=&#8221;2&#8243;][vc_single_image image=&#8221;338&#8243; img_size=&#8221;full&#8221; alignment=&#8221;center&#8221; onclick=&#8221;custom_link&#8221; img_link_target=&#8221;_blank&#8221; link=&#8221;https:\/\/www.marr.pl\/&#8221;][vc_single_image image=&#8221;339&#8243; img_size=&#8221;full&#8221; alignment=&#8221;center&#8221; onclick=&#8221;custom_link&#8221; img_link_target=&#8221;_blank&#8221; link=&#8221;http:\/\/www.krakow.pl\/&#8221;][vc_single_image image=&#8221;6827&#8243; img_size=&#8221;full&#8221; alignment=&#8221;center&#8221; onclick=&#8221;custom_link&#8221; img_link_target=&#8221;_blank&#8221; link=&#8221;https:\/\/knhp.com.pl\/&#8221;][vc_single_image image=&#8221;6831&#8243; img_size=&#8221;full&#8221; alignment=&#8221;center&#8221; onclick=&#8221;custom_link&#8221; img_link_target=&#8221;_blank&#8221; link=&#8221;https:\/\/poland.arcelormittal.com\/&#8221;][vc_single_image image=&#8221;6829&#8243; img_size=&#8221;full&#8221; alignment=&#8221;center&#8221; onclick=&#8221;custom_link&#8221; img_link_target=&#8221;_blank&#8221; link=&#8221;https:\/\/www.puhit.com.pl\/&#8221;][vc_single_image image=&#8221;6825&#8243; img_size=&#8221;full&#8221; alignment=&#8221;center&#8221; onclick=&#8221;custom_link&#8221; img_link_target=&#8221;_blank&#8221; link=&#8221;https:\/\/www.tauronarenakrakow.pl\/&#8221;][\/dylan_carousel][vc_column][\/vc_column][\/vc_row]<\/p>\n","protected":false},"excerpt":{"rendered":"<p>[vc_row parallax=&#8221;content-moving&#8221; parallax_image=&#8221;687&#8243; css=&#8221;.vc_custom_1566131734097{padding-top: 180px&nbsp;!important;}&#8221;][vc_column][dylan_page_title title=&#8221;Wydarzenie Kocham Now\u0105 Hut\u0119&#8221; subtitle=&#8221;Nowohuckie kalendarze 2022&#8243; tag=&#8221;h1&#8243; horizontal_rule=&#8221;1&#8243; hr_color=&#8221;colored&#8221; text_transform=&#8221;upper&#8221; title_color=&#8221;#eca900&#8243;][vc_row_inner el_class=&#8221;text-center dark-buttons inline-buttons-box&#8221;][vc_column_inner][dylan_button text=&#8221;O projekcie&#8221; link=&#8221;url:%23o-projekcie|title:O%20projekcie||&#8221; style=&#8221;light-out&#8221; size=&#8221;btn-sm&#8221;][dylan_button text=&#8221;Partnerzy projektu&#8221; link=&#8221;url:%23katalogi|title:Katalogi%20Szkole%C5%84&#8243; style=&#8221;light-out&#8221; size=&#8221;btn-sm&#8221;][\/vc_column_inner][\/vc_row_inner][\/vc_column][\/vc_row][vc_row row_bg_color=&#8221;colored-bg&#8221; el_id=&#8221;o-projekcie&#8221; css=&#8221;.vc_custom_1610625629134{padding-bottom: 0px&nbsp;!important;}&#8221;][vc_column offset=&#8221;vc_col-sm-offset-0&#8243;][single_image_for_vc_image imagesetting_image=&#8221;6820&#8243; containerstyle_paddingbottom=&#8221;50&#8243;][dylan_page_title title=&#8221;Kocham Now\u0105 Hut\u0119 &#8211; Nowohuckie Kalendarze 2022&#8243; tag=&#8221;h3&#8243; horizontal_rule=&#8221;1&#8243; hr_color=&#8221;white&#8221; text_transform=&#8221;upper&#8221;][vc_row_inner css=&#8221;.vc_custom_1610625840913{margin-right: -30px&nbsp;!important;margin-left: -30px&nbsp;!important;}&#8221;][vc_column_inner width=&#8221;2\/3&#8243; offset=&#8221;vc_col-sm-offset-0&#8243; css=&#8221;.vc_custom_1610625875768{padding-right: 30px&nbsp;!important;padding-bottom: [&hellip;]<\/p>\n","protected":false},"author":1,"featured_media":6820,"parent":0,"menu_order":0,"comment_status":"closed","ping_status":"closed","template":"","meta":{"inline_featured_image":false,"_monsterinsights_skip_tracking":false,"_monsterinsights_sitenote_active":false,"_monsterinsights_sitenote_note":"","_monsterinsights_sitenote_category":0,"footnotes":""},"class_list":["post-6819","page","type-page","status-publish","has-post-thumbnail","hentry"],"_links":{"self":[{"href":"https:\/\/fundacjanh.org\/pl\/wp-json\/wp\/v2\/pages\/6819","targetHints":{"allow":["GET"]}}],"collection":[{"href":"https:\/\/fundacjanh.org\/pl\/wp-json\/wp\/v2\/pages"}],"about":[{"href":"https:\/\/fundacjanh.org\/pl\/wp-json\/wp\/v2\/types\/page"}],"author":[{"embeddable":true,"href":"https:\/\/fundacjanh.org\/pl\/wp-json\/wp\/v2\/users\/1"}],"replies":[{"embeddable":true,"href":"https:\/\/fundacjanh.org\/pl\/wp-json\/wp\/v2\/comments?post=6819"}],"version-history":[{"count":1,"href":"https:\/\/fundacjanh.org\/pl\/wp-json\/wp\/v2\/pages\/6819\/revisions"}],"predecessor-version":[{"id":6855,"href":"https:\/\/fundacjanh.org\/pl\/wp-json\/wp\/v2\/pages\/6819\/revisions\/6855"}],"wp:featuredmedia":[{"embeddable":true,"href":"https:\/\/fundacjanh.org\/pl\/wp-json\/"}],"wp:attachment":[{"href":"https:\/\/fundacjanh.org\/pl\/wp-json\/wp\/v2\/media?parent=6819"}],"curies":[{"name":"wp","href":"https:\/\/api.w.org\/{rel}","templated":true}]}}