{"id":6853,"date":"2022-03-17T19:40:59","date_gmt":"2022-03-17T18:40:59","guid":{"rendered":"https:\/\/fundacjanh.org\/?page_id=6853"},"modified":"2022-03-17T19:40:59","modified_gmt":"2022-03-17T18:40:59","slug":"zostan-trenerem","status":"publish","type":"page","link":"https:\/\/fundacjanh.org\/pl\/zostan-trenerem\/","title":{"rendered":"Zosta\u0144 Trenerem"},"content":{"rendered":"<p>[vc_row parallax=&#8221;content-moving&#8221; parallax_image=&#8221;687&#8243; css=&#8221;.vc_custom_1566131734097{padding-top: 180px&nbsp;!important;}&#8221;][vc_column][dylan_page_title title=&#8221;Zosta\u0144 trenerem&#8221; subtitle=&#8221;Mo\u017ce to w\u0142a\u015bnie Ciebie szukamy!&#8221; tag=&#8221;h1&#8243; horizontal_rule=&#8221;1&#8243; hr_color=&#8221;colored&#8221; text_transform=&#8221;upper&#8221; title_color=&#8221;#eca900&#8243;][\/vc_column][\/vc_row][vc_row row_bg_color=&#8221;colored-bg&#8221; el_id=&#8221;o-projekcie&#8221; css=&#8221;.vc_custom_1610625629134{padding-bottom: 0px&nbsp;!important;}&#8221;][vc_column offset=&#8221;vc_col-sm-offset-0&#8243;][single_image_for_vc_image imagesetting_image=&#8221;587&#8243; containerstyle_paddingbottom=&#8221;50&#8243;][dylan_page_title title=&#8221;Je\u015bli jeste\u015b specjalist\u0105 w&nbsp;swojej dziedzinie, potrafisz zainteresowa\u0107 i&nbsp;zaanga\u017cowa\u0107 s\u0142uchaczy&#8221; subtitle=&#8221;napisz do&nbsp;nas! By\u0107 mo\u017ce to w\u0142a\u015bnie Ciebie szukamy&#8221; tag=&#8221;h3&#8243; horizontal_rule=&#8221;1&#8243; hr_color=&#8221;white&#8221; text_transform=&#8221;upper&#8221;][vc_row_inner css=&#8221;.vc_custom_1610625840913{margin-right: -30px&nbsp;!important;margin-left: -30px&nbsp;!important;}&#8221;][vc_column_inner width=&#8221;2\/3&#8243; offset=&#8221;vc_col-sm-offset-0&#8243; css=&#8221;.vc_custom_1610625875768{padding-right: 30px&nbsp;!important;padding-bottom: 120px&nbsp;!important;padding-left: 30px&nbsp;!important;}&#8221;][vc_column_text]<strong>Kim jest trener?<\/strong><\/p>\n<p>Jest to osoba, kt\u00f3ra u\u017cywaj\u0105c prezentacji, \u0107wicze\u0144, symulacji, scenek etc. stwarza uczestnikom szkolenia warunki do&nbsp;nauczenia si\u0119 nowych umiej\u0119tno\u015bci oraz&nbsp;zdobycia wiedzy. Podstaw\u0105 s\u0105 kompetencje zwi\u0105zane z&nbsp;komunikacj\u0105, nawi\u0105zywaniem relacji i&nbsp;z przekazywaniem wiedzy, czyli&nbsp;prezentowaniem jej w&nbsp;jasny, logiczny spos\u00f3b.<\/p>\n<p>Jakich kompetencji potrzebuje trener w&nbsp;pracy?<\/p>\n<p><strong>ZAANGA\u017bOWANIE<\/strong><\/p>\n<p>Kunszt i&nbsp;mistrzostwo pracy trenera polega na&nbsp;tym, aby&nbsp;odpowiednio pokierowa\u0107 swoimi s\u0142uchaczami, nada\u0107 ich procesom uczenia si\u0119 odpowiedniego kierunku poprzez pe\u0142ne poznanie, autentyczne zaanga\u017cowanie we wsp\u00f3\u0142prac\u0119, budowanie relacji i&nbsp;dba\u0142o\u015b\u0107 o&nbsp;drugiego cz\u0142owieka.\u00a0 Zaanga\u017cowanie jest niezwykle istotn\u0105 cech\u0105, poniewa\u017c&nbsp;umo\u017cliwia szkoleniowcowi dopasowanie przebiegu i&nbsp;tematyki szkolenia pod&nbsp;k\u0105tem indywidualnych oczekiwa\u0144 przedsi\u0119biorcy, a&nbsp;tak\u017ce przeprowadzi\u0107 szkolenia sprzeda\u017cowe w&nbsp;odpowiedni spos\u00f3b.<\/p>\n<p>&nbsp;<\/p>\n<p><strong>AUTENTYCZNO\u015a\u0106<\/strong><\/p>\n<p>Dobry trener musi by\u0107 autentyczny, to cecha bez kt\u00f3rej \u017cadna osoba ucz\u0105ca innych nie osi\u0105gnie dobrych rezultat\u00f3w. Bardzo wa\u017cna dla&nbsp;jako\u015bci szkolenia jest jego wiarygodno\u015b\u0107, rzetelno\u015b\u0107 oraz&nbsp;budowanie kontaktu z&nbsp;uczestnikami ju\u017c na&nbsp;samym pocz\u0105tku. Nikt nie b\u0119dzie chcia\u0142 s\u0142ucha\u0107 cz\u0142owieka, kt\u00f3ry czyta z&nbsp;kartki lub&nbsp;podpiera si\u0119 wyuczonymi, ma\u0142o znacz\u0105cymi formu\u0142kami. To musi by\u0107 osoba o&nbsp;charakterze przyw\u00f3dcy, kt\u00f3ra jasno, rzeczowo i&nbsp;ciekawie zaprezentuje swoje kompetencje.<\/p>\n<p>&nbsp;<\/p>\n<p><strong>WYTRWA\u0141O\u015a\u0106<\/strong><\/p>\n<p>\u017byjemy w&nbsp;czasach w&nbsp;kt\u00f3rych ludzie oczekuj\u0105 natychmiastowej gratyfikacji we wszystkim co robi\u0105. Tymczasem rezultaty osi\u0105gaj\u0105 ci, kt\u00f3rzy s\u0105 wytrwali i&nbsp;pracowici, kt\u00f3rzy ka\u017cdego dnia daj\u0105 z&nbsp;siebie wszystko, a&nbsp;co najwa\u017cniejsze, s\u0105 bardzo cierpliwi. Dla&nbsp;wprawnego trenera wytrwa\u0142o\u015b\u0107 to pasja i&nbsp;niez\u0142omno\u015b\u0107 w&nbsp;osi\u0105ganiu d\u0142ugofalowych cel\u00f3w. To odporno\u015b\u0107 i&nbsp;ci\u0119\u017cka praca, by urzeczywistni\u0107 plan, porwa\u0107 ludzi i&nbsp;pom\u00f3c im wytrwa\u0107 w&nbsp;d\u0105\u017ceniu do&nbsp;celu. W&nbsp;ko\u0144cu ju\u017c Grecy m\u00f3wili, \u017ce&nbsp;\u201ecierpliwo\u015b\u0107 jest kluczem do&nbsp;szcz\u0119\u015bcia\u201d!<\/p>\n<p>&nbsp;<\/p>\n<p><strong>KREATYWNO\u015a\u0106<\/strong><\/p>\n<p>Dobry szkoleniowiec jest zwolennikiem eksperymentowania, szukania nowych rozwi\u0105za\u0144 i&nbsp;tworzenia anga\u017cuj\u0105cych odbiorc\u0119 sytuacji. Kreatywne my\u015blenie i&nbsp;tworzenie innowacji to zestaw umiej\u0119tno\u015bci, kt\u00f3re mo\u017cna rozwin\u0105\u0107 poprzez praktyk\u0119. To tak\u017ce narz\u0119dzia tw\u00f3rczego my\u015blenia, generowania i&nbsp;oceny pomys\u0142\u00f3w. Szkolenie nie powinno mie\u0107 charakteru wyk\u0142adu. Najlepiej sprawdzaj\u0105 si\u0119 panele, w&nbsp;kt\u00f3rych prowadz\u0105cy mo\u017ce mie\u0107 bezpo\u015bredni kontakt ze s\u0142uchaczami, zadawa\u0107 im pytania, prosi\u0107 o&nbsp;odpowiedzi.<\/p>\n<p>&nbsp;<\/p>\n<p><strong>ZORGANIZOWANIE<\/strong><\/p>\n<p>Regularno\u015b\u0107 w&nbsp;codziennych dzia\u0142aniach, r\u00f3wnie\u017c tych zwi\u0105zanych z&nbsp;rozwojem osobistym, dok\u0142adno\u015b\u0107 i&nbsp;przygotowanie do&nbsp;ka\u017cdego treningu, a&nbsp;tak\u017ce przemy\u015blana strategia powoduj\u0105, \u017ce&nbsp;zyskujemy w&nbsp;oczach naszych podopiecznych. Przy&nbsp;tej cesze wa\u017cnym punktem jest te\u017c punktualno\u015b\u0107, bo&nbsp;trudno wyobrazi\u0107 sobie powa\u017cnego traktowania szkoleniowca, kt\u00f3ry notorycznie sp\u00f3\u017ania si\u0119 na&nbsp;zaj\u0119cia. Dobry szkoleniowiec powinien by\u0107 zawsze przygotowany do&nbsp;prowadzonego szkolenia \u2013 zar\u00f3wno je\u015bli chodzi o&nbsp;wiedz\u0119 merytoryczn\u0105, jak i&nbsp;elementy praktyczne. Drug\u0105 kwesti\u0105 jest ta zwi\u0105zana z&nbsp;przygotowaniem materia\u0142\u00f3w dodatkowych, kt\u00f3re s\u0105 niezb\u0119dne na&nbsp;ka\u017cdym kursie.<\/p>\n<p>&nbsp;<\/p>\n<p><strong>PASJA<\/strong><\/p>\n<p>\u017beby zapala\u0107 innych samemu trzeba p\u0142on\u0105\u0107 \u2013 to s\u0142owa jednego z&nbsp;najbardziej znanych polskich m\u00f3wc\u00f3w motywacyjnych, Jacka Walkiewicza. Pasja to cecha, bez kt\u00f3rej w&nbsp;\u017cadnym zawodzie nie osi\u0105gniemy realnego sukcesu. O&nbsp;ile finanse czy&nbsp;nasza pozycja mog\u0105 na&nbsp;koncie bankowym i&nbsp;w CV prezentowa\u0107 si\u0119 dosy\u0107 przyzwoicie, o&nbsp;tyle je\u017celi&nbsp;marzymy o&nbsp;prawdziwym spe\u0142nieniu, musimy \u017cy\u0107 tym, co robimy na&nbsp;co dzie\u0144.<\/p>\n<p>[\/vc_column_text][vc_column_text][\/vc_column_text][vc_video link=&#8221;https:\/\/www.youtube.com\/watch?v=WEPsjjLFe7E&amp;t&#8221; align=&#8221;center&#8221; title=&#8221;Zobacz jak dzia\u0142amy w&nbsp;bran\u017cy rozwojowej:&#8221;][\/vc_column_inner][vc_column_inner width=&#8221;1\/3&#8243; css=&#8221;.vc_custom_1610625886838{padding-right: 30px&nbsp;!important;padding-bottom: 120px&nbsp;!important;padding-left: 30px&nbsp;!important;background-color: #1abc9c&nbsp;!important;}&#8221;][dylan_social_icons socials=&#8221;%5B%7B%22social%22%3A%22facebook%22%2C%22url%22%3A%22https%3A%2F%2Fwww.facebook.com%2FFundacjaPromocjiNowejHuty%22%7D%2C%7B%22social%22%3A%22instagram%22%2C%22url%22%3A%22https%3A%2F%2Fwww.instagram.com%2Ffundacjanh%2F%22%7D%2C%7B%22social%22%3A%22youtube%22%2C%22url%22%3A%22https%3A%2F%2Fwww.youtube.com%2Fuser%2Fsolara222%22%7D%5D&#8221;][dylan_page_title title=&#8221;Jeste\u015b zainteresowany zosta\u0107 naszym trenerem.&#8221; tag=&#8221;h5&#8243; text_transform=&#8221;upper&#8221;][dylan_page_title title=&#8221;Napisz do&nbsp;nas&#8221; tag=&#8221;h4&#8243; horizontal_rule=&#8221;1&#8243; hr_color=&#8221;white&#8221; text_transform=&#8221;upper&#8221;][contact-form-7 id=&#8221;5209&#8243;][dylan_page_title title=&#8221;Zadzwo\u0144 do&nbsp;nas, b\u0119dzie szybciej&#8221; subtitle=&#8221;tel:510313661<br \/>\ntel:535616325&#8243; tag=&#8221;h1&#8243;][\/vc_column_inner][\/vc_row_inner][\/vc_column][\/vc_row]<\/p>\n","protected":false},"excerpt":{"rendered":"<p>[vc_row parallax=&#8221;content-moving&#8221; parallax_image=&#8221;687&#8243; css=&#8221;.vc_custom_1566131734097{padding-top: 180px&nbsp;!important;}&#8221;][vc_column][dylan_page_title title=&#8221;Zosta\u0144 trenerem&#8221; subtitle=&#8221;Mo\u017ce to w\u0142a\u015bnie Ciebie szukamy!&#8221; tag=&#8221;h1&#8243; horizontal_rule=&#8221;1&#8243; hr_color=&#8221;colored&#8221; text_transform=&#8221;upper&#8221; title_color=&#8221;#eca900&#8243;][\/vc_column][\/vc_row][vc_row row_bg_color=&#8221;colored-bg&#8221; el_id=&#8221;o-projekcie&#8221; css=&#8221;.vc_custom_1610625629134{padding-bottom: 0px&nbsp;!important;}&#8221;][vc_column offset=&#8221;vc_col-sm-offset-0&#8243;][single_image_for_vc_image imagesetting_image=&#8221;587&#8243; containerstyle_paddingbottom=&#8221;50&#8243;][dylan_page_title title=&#8221;Je\u015bli jeste\u015b specjalist\u0105 w&nbsp;swojej dziedzinie, potrafisz zainteresowa\u0107 i&nbsp;zaanga\u017cowa\u0107 s\u0142uchaczy&#8221; subtitle=&#8221;napisz do&nbsp;nas! By\u0107 mo\u017ce to w\u0142a\u015bnie Ciebie szukamy&#8221; tag=&#8221;h3&#8243; horizontal_rule=&#8221;1&#8243; hr_color=&#8221;white&#8221; text_transform=&#8221;upper&#8221;][vc_row_inner css=&#8221;.vc_custom_1610625840913{margin-right: -30px&nbsp;!important;margin-left: -30px&nbsp;!important;}&#8221;][vc_column_inner width=&#8221;2\/3&#8243; offset=&#8221;vc_col-sm-offset-0&#8243; css=&#8221;.vc_custom_1610625875768{padding-right: 30px&nbsp;!important;padding-bottom: 120px&nbsp;!important;padding-left: 30px&nbsp;!important;}&#8221;][vc_column_text]Kim jest [&hellip;]<\/p>\n","protected":false},"author":1,"featured_media":6557,"parent":0,"menu_order":0,"comment_status":"closed","ping_status":"closed","template":"","meta":{"inline_featured_image":false,"_monsterinsights_skip_tracking":false,"_monsterinsights_sitenote_active":false,"_monsterinsights_sitenote_note":"","_monsterinsights_sitenote_category":0,"footnotes":""},"class_list":["post-6853","page","type-page","status-publish","has-post-thumbnail","hentry"],"_links":{"self":[{"href":"https:\/\/fundacjanh.org\/pl\/wp-json\/wp\/v2\/pages\/6853","targetHints":{"allow":["GET"]}}],"collection":[{"href":"https:\/\/fundacjanh.org\/pl\/wp-json\/wp\/v2\/pages"}],"about":[{"href":"https:\/\/fundacjanh.org\/pl\/wp-json\/wp\/v2\/types\/page"}],"author":[{"embeddable":true,"href":"https:\/\/fundacjanh.org\/pl\/wp-json\/wp\/v2\/users\/1"}],"replies":[{"embeddable":true,"href":"https:\/\/fundacjanh.org\/pl\/wp-json\/wp\/v2\/comments?post=6853"}],"version-history":[{"count":0,"href":"https:\/\/fundacjanh.org\/pl\/wp-json\/wp\/v2\/pages\/6853\/revisions"}],"wp:featuredmedia":[{"embeddable":true,"href":"https:\/\/fundacjanh.org\/pl\/wp-json\/"}],"wp:attachment":[{"href":"https:\/\/fundacjanh.org\/pl\/wp-json\/wp\/v2\/media?parent=6853"}],"curies":[{"name":"wp","href":"https:\/\/api.w.org\/{rel}","templated":true}]}}