{"id":9295,"date":"2023-06-27T09:31:57","date_gmt":"2023-06-27T07:31:57","guid":{"rendered":"https:\/\/fundacjanh.org\/?page_id=9295"},"modified":"2023-06-28T15:01:48","modified_gmt":"2023-06-28T13:01:48","slug":"razem-dla-was-program-dobra-rada","status":"publish","type":"page","link":"https:\/\/fundacjanh.org\/pl\/razem-dla-was-program-dobra-rada\/","title":{"rendered":"&#8222;RAZEM DLA WAS&#8221; &#8211; Program Dobra Rada"},"content":{"rendered":"\t\t<div data-elementor-type=\"wp-page\" data-elementor-id=\"9295\" class=\"elementor elementor-9295\" data-elementor-post-type=\"page\">\n\t\t\t\t\t\t<section class=\"elementor-section elementor-top-section elementor-element elementor-element-461b08c elementor-section-height-full elementor-section-full_width elementor-section-stretched elementor-section-height-default elementor-section-items-middle\" data-id=\"461b08c\" data-element_type=\"section\" data-e-type=\"section\" data-settings=\"{&quot;background_background&quot;:&quot;classic&quot;,&quot;stretch_section&quot;:&quot;section-stretched&quot;}\">\n\t\t\t\t\t\t\t<div class=\"elementor-background-overlay\"><\/div>\n\t\t\t\t\t\t\t<div class=\"elementor-container elementor-column-gap-narrow\">\n\t\t\t\t\t<div class=\"elementor-column elementor-col-100 elementor-top-column elementor-element elementor-element-343a95f\" data-id=\"343a95f\" data-element_type=\"column\" data-e-type=\"column\">\n\t\t\t<div class=\"elementor-widget-wrap elementor-element-populated\">\n\t\t\t\t\t\t<div class=\"elementor-element elementor-element-c651976 elementor-widget elementor-widget-heading\" data-id=\"c651976\" data-element_type=\"widget\" data-e-type=\"widget\" data-widget_type=\"heading.default\">\n\t\t\t\t<div class=\"elementor-widget-container\">\n\t\t\t\t\t<h2 class=\"elementor-heading-title elementor-size-default\">\"Razem dla&nbsp;was\" - Program Dobra Rada<\/h2>\t\t\t\t<\/div>\n\t\t\t\t<\/div>\n\t\t\t\t<div class=\"elementor-element elementor-element-fea91e1 elementor-widget-divider--view-line elementor-widget elementor-widget-divider\" data-id=\"fea91e1\" data-element_type=\"widget\" data-e-type=\"widget\" data-widget_type=\"divider.default\">\n\t\t\t\t<div class=\"elementor-widget-container\">\n\t\t\t\t\t\t\t<div class=\"elementor-divider\">\n\t\t\t<span class=\"elementor-divider-separator\">\n\t\t\t\t\t\t<\/span>\n\t\t<\/div>\n\t\t\t\t\t\t<\/div>\n\t\t\t\t<\/div>\n\t\t\t\t<div class=\"elementor-element elementor-element-718c2c9 elementor-widget__width-auto elementor-widget elementor-widget-button\" data-id=\"718c2c9\" data-element_type=\"widget\" data-e-type=\"widget\" data-widget_type=\"button.default\">\n\t\t\t\t<div class=\"elementor-widget-container\">\n\t\t\t\t\t\t\t\t\t<div class=\"elementor-button-wrapper\">\n\t\t\t\t\t<a class=\"elementor-button elementor-button-link elementor-size-sm\" href=\"#pr\">\n\t\t\t\t\t\t<span class=\"elementor-button-content-wrapper\">\n\t\t\t\t\t\t\t\t\t<span class=\"elementor-button-text\">O&nbsp;PROJEKCIE<\/span>\n\t\t\t\t\t<\/span>\n\t\t\t\t\t<\/a>\n\t\t\t\t<\/div>\n\t\t\t\t\t\t\t\t<\/div>\n\t\t\t\t<\/div>\n\t\t\t\t<div class=\"elementor-element elementor-element-634badd elementor-widget__width-auto elementor-widget elementor-widget-button\" data-id=\"634badd\" data-element_type=\"widget\" data-e-type=\"widget\" data-widget_type=\"button.default\">\n\t\t\t\t<div class=\"elementor-widget-container\">\n\t\t\t\t\t\t\t\t\t<div class=\"elementor-button-wrapper\">\n\t\t\t\t\t<a class=\"elementor-button elementor-button-link elementor-size-sm\" href=\"#FW\">\n\t\t\t\t\t\t<span class=\"elementor-button-content-wrapper\">\n\t\t\t\t\t\t\t\t\t<span class=\"elementor-button-text\">FORMY WSPARCIA<\/span>\n\t\t\t\t\t<\/span>\n\t\t\t\t\t<\/a>\n\t\t\t\t<\/div>\n\t\t\t\t\t\t\t\t<\/div>\n\t\t\t\t<\/div>\n\t\t\t\t<div class=\"elementor-element elementor-element-4d1f10b elementor-widget__width-auto elementor-widget elementor-widget-button\" data-id=\"4d1f10b\" data-element_type=\"widget\" data-e-type=\"widget\" data-widget_type=\"button.default\">\n\t\t\t\t<div class=\"elementor-widget-container\">\n\t\t\t\t\t\t\t\t\t<div class=\"elementor-button-wrapper\">\n\t\t\t\t\t<a class=\"elementor-button elementor-button-link elementor-size-sm\" href=\"#VIDEO\">\n\t\t\t\t\t\t<span class=\"elementor-button-content-wrapper\">\n\t\t\t\t\t\t\t\t\t<span class=\"elementor-button-text\">VIDEO PROMUJ\u0104CE AKCJ\u0118<\/span>\n\t\t\t\t\t<\/span>\n\t\t\t\t\t<\/a>\n\t\t\t\t<\/div>\n\t\t\t\t\t\t\t\t<\/div>\n\t\t\t\t<\/div>\n\t\t\t\t<div class=\"elementor-element elementor-element-eca09f8 elementor-widget__width-auto elementor-widget elementor-widget-button\" data-id=\"eca09f8\" data-element_type=\"widget\" data-e-type=\"widget\" data-widget_type=\"button.default\">\n\t\t\t\t<div class=\"elementor-widget-container\">\n\t\t\t\t\t\t\t\t\t<div class=\"elementor-button-wrapper\">\n\t\t\t\t\t<a class=\"elementor-button elementor-button-link elementor-size-sm\" href=\"#JAK\">\n\t\t\t\t\t\t<span class=\"elementor-button-content-wrapper\">\n\t\t\t\t\t\t\t\t\t<span class=\"elementor-button-text\">JAK SI\u0118 ZG\u0141OSI\u0106?<\/span>\n\t\t\t\t\t<\/span>\n\t\t\t\t\t<\/a>\n\t\t\t\t<\/div>\n\t\t\t\t\t\t\t\t<\/div>\n\t\t\t\t<\/div>\n\t\t\t\t<div class=\"elementor-element elementor-element-946f92b elementor-widget elementor-widget-image\" data-id=\"946f92b\" data-element_type=\"widget\" data-e-type=\"widget\" data-widget_type=\"image.default\">\n\t\t\t\t<div class=\"elementor-widget-container\">\n\t\t\t\t\t\t\t\t\t\t\t\t\t\t\t<img decoding=\"async\" width=\"150\" height=\"150\" src=\"https:\/\/fundacjanh.org\/wp-content\/uploads\/2023\/06\/Rewitalizacja-ust-3-150x150.png\" class=\"attachment-thumbnail size-thumbnail wp-image-9303\" alt=\"Rewitalizacja Ust \u2013 Fundacja Promocji Nowej Huty\" \/>\t\t\t\t\t\t\t\t\t\t\t\t\t\t\t<\/div>\n\t\t\t\t<\/div>\n\t\t\t\t\t<\/div>\n\t\t<\/div>\n\t\t\t\t\t<\/div>\n\t\t<\/section>\n\t\t\t\t<section class=\"elementor-section elementor-top-section elementor-element elementor-element-fca09b5 elementor-section-boxed elementor-section-height-default elementor-section-height-default\" data-id=\"fca09b5\" data-element_type=\"section\" data-e-type=\"section\" data-settings=\"{&quot;background_background&quot;:&quot;classic&quot;}\">\n\t\t\t\t\t\t<div class=\"elementor-container elementor-column-gap-default\">\n\t\t\t\t\t<div class=\"elementor-column elementor-col-100 elementor-top-column elementor-element elementor-element-cc65472\" data-id=\"cc65472\" data-element_type=\"column\" data-e-type=\"column\">\n\t\t\t<div class=\"elementor-widget-wrap elementor-element-populated\">\n\t\t\t\t\t\t<div class=\"elementor-element elementor-element-8e59a77 elementor-widget elementor-widget-heading\" data-id=\"8e59a77\" data-element_type=\"widget\" data-e-type=\"widget\" id=\"pr\" data-widget_type=\"heading.default\">\n\t\t\t\t<div class=\"elementor-widget-container\">\n\t\t\t\t\t<h2 class=\"elementor-heading-title elementor-size-xxl\">O&nbsp;PROJEKCIE<\/h2>\t\t\t\t<\/div>\n\t\t\t\t<\/div>\n\t\t\t\t<div class=\"elementor-element elementor-element-e0fbb28 elementor-widget elementor-widget-text-editor\" data-id=\"e0fbb28\" data-element_type=\"widget\" data-e-type=\"widget\" data-widget_type=\"text-editor.default\">\n\t\t\t\t<div class=\"elementor-widget-container\">\n\t\t\t\t\t\t\t\t\t<p>Chcieliby\u015bmy Wam przedstawi\u0107 fantastyczn\u0105 inicjatyw\u0119, jak\u0105 jest program &#8222;Dobra Rada&#8221;, stworzony przez&nbsp;Fundacj\u0119 Promocji Nowej Huty. Naszym celem jest zapewnienie Wam kompleksowej pomocy i&nbsp;wsparcia w&nbsp;trudnych sytuacjach \u017cyciowych. Wiemy, \u017ce&nbsp;czasami potrzebujecie profesjonalnego wsparcia psychologicznego i&nbsp;prawnego, dlatego&nbsp;postanowili\u015bmy to u\u0142atwi\u0107! PROGRAM SKIEROWANY JEST DLA&nbsp;SPO\u0141ECZNO\u015aCI LOKALNEJ.<\/p>\t\t\t\t\t\t\t\t<\/div>\n\t\t\t\t<\/div>\n\t\t\t\t<div class=\"elementor-element elementor-element-4985773 elementor-widget elementor-widget-text-editor\" data-id=\"4985773\" data-element_type=\"widget\" data-e-type=\"widget\" data-widget_type=\"text-editor.default\">\n\t\t\t\t<div class=\"elementor-widget-container\">\n\t\t\t\t\t\t\t\t\t<p>Dzi\u0119kujemy Polskie Inicjatywy Poradnicze za&nbsp;wsparcie finansowe, kt\u00f3re umo\u017cliwi\u0142o nam realizacj\u0119 tego projektu. Przeznaczenie dotacji obejmuje promocj\u0119 projektu, wynagrodzenie naszych specjalist\u00f3w \u2014 psychologa i&nbsp;prawnika, a&nbsp;tak\u017ce koszty administracyjne, takie jak wynagrodzenie koordynatora projektu czy&nbsp;zakup niezb\u0119dnych materia\u0142\u00f3w biurowych<\/p>\t\t\t\t\t\t\t\t<\/div>\n\t\t\t\t<\/div>\n\t\t\t\t\t<\/div>\n\t\t<\/div>\n\t\t\t\t\t<\/div>\n\t\t<\/section>\n\t\t\t\t<section class=\"elementor-section elementor-top-section elementor-element elementor-element-3d519d5 elementor-section-boxed elementor-section-height-default elementor-section-height-default\" data-id=\"3d519d5\" data-element_type=\"section\" data-e-type=\"section\" data-settings=\"{&quot;background_background&quot;:&quot;classic&quot;}\">\n\t\t\t\t\t\t<div class=\"elementor-container elementor-column-gap-default\">\n\t\t\t\t\t<div class=\"elementor-column elementor-col-100 elementor-top-column elementor-element elementor-element-f92f69b\" data-id=\"f92f69b\" data-element_type=\"column\" data-e-type=\"column\">\n\t\t\t<div class=\"elementor-widget-wrap elementor-element-populated\">\n\t\t\t\t\t\t<div class=\"elementor-element elementor-element-8a400b9 elementor-widget elementor-widget-heading\" data-id=\"8a400b9\" data-element_type=\"widget\" data-e-type=\"widget\" id=\"FW\" data-widget_type=\"heading.default\">\n\t\t\t\t<div class=\"elementor-widget-container\">\n\t\t\t\t\t<h2 class=\"elementor-heading-title elementor-size-default\">FORMY WSPARCIA<\/h2>\t\t\t\t<\/div>\n\t\t\t\t<\/div>\n\t\t\t\t<section class=\"elementor-section elementor-inner-section elementor-element elementor-element-1dce4cc elementor-section-boxed elementor-section-height-default elementor-section-height-default\" data-id=\"1dce4cc\" data-element_type=\"section\" data-e-type=\"section\">\n\t\t\t\t\t\t<div class=\"elementor-container elementor-column-gap-default\">\n\t\t\t\t\t<div class=\"elementor-column elementor-col-50 elementor-inner-column elementor-element elementor-element-68c5ab8\" data-id=\"68c5ab8\" data-element_type=\"column\" data-e-type=\"column\">\n\t\t\t<div class=\"elementor-widget-wrap elementor-element-populated\">\n\t\t\t\t\t\t<div class=\"elementor-element elementor-element-9a76d2b elementor-widget elementor-widget-text-editor\" data-id=\"9a76d2b\" data-element_type=\"widget\" data-e-type=\"widget\" data-widget_type=\"text-editor.default\">\n\t\t\t\t<div class=\"elementor-widget-container\">\n\t\t\t\t\t\t\t\t\t<p>Wsparcie psychologiczne:\u00a0<\/p><p>Rozumiemy, \u017ce&nbsp;\u017cycie mo\u017ce przynie\u015b\u0107 wiele wyzwa\u0144, kt\u00f3re mog\u0105 wp\u0142ywa\u0107 na&nbsp;nasze zdrowie psychiczne. Dlatego&nbsp;w&nbsp;ramach programu &#8222;Dobra Rada&#8221; zapewniamy Wam dost\u0119p do&nbsp;do\u015bwiadczonych psycholog\u00f3w, kt\u00f3rzy s\u0105 gotowi s\u0142u\u017cy\u0107 pomoc\u0105 i&nbsp;wsparciem. Niezale\u017cnie od tego, czy&nbsp;borykacie si\u0119 z&nbsp;trudno\u015bciami emocjonalnymi, stresem, problemami rodzinymi czy&nbsp;innymi trudno\u015bciami, nasi specjali\u015bci b\u0119d\u0105 pracowa\u0107 z&nbsp;Wami, aby&nbsp;pom\u00f3c Wam znale\u017a\u0107 drog\u0119 do&nbsp;lepszego samopoczucia.<\/p>\t\t\t\t\t\t\t\t<\/div>\n\t\t\t\t<\/div>\n\t\t\t\t\t<\/div>\n\t\t<\/div>\n\t\t\t\t<div class=\"elementor-column elementor-col-50 elementor-inner-column elementor-element elementor-element-327f75e\" data-id=\"327f75e\" data-element_type=\"column\" data-e-type=\"column\">\n\t\t\t<div class=\"elementor-widget-wrap elementor-element-populated\">\n\t\t\t\t\t\t<div class=\"elementor-element elementor-element-0da8168 elementor-widget elementor-widget-image\" data-id=\"0da8168\" data-element_type=\"widget\" data-e-type=\"widget\" data-widget_type=\"image.default\">\n\t\t\t\t<div class=\"elementor-widget-container\">\n\t\t\t\t\t\t\t\t\t\t\t\t\t\t\t<img fetchpriority=\"high\" decoding=\"async\" width=\"800\" height=\"450\" src=\"https:\/\/fundacjanh.org\/wp-content\/uploads\/2023\/06\/Rewitalizacja-ust-4-1024x576.jpg\" class=\"attachment-large size-large wp-image-9305\" alt=\"Rewitalizacja Ust \u2013 Fundacja Promocji Nowej Huty\" srcset=\"https:\/\/fundacjanh.org\/wp-content\/uploads\/2023\/06\/Rewitalizacja-ust-4-1024x576.jpg 1024w, https:\/\/fundacjanh.org\/wp-content\/uploads\/2023\/06\/Rewitalizacja-ust-4-300x169.jpg 300w, https:\/\/fundacjanh.org\/wp-content\/uploads\/2023\/06\/Rewitalizacja-ust-4-768x432.jpg 768w, https:\/\/fundacjanh.org\/wp-content\/uploads\/2023\/06\/Rewitalizacja-ust-4-1536x864.jpg 1536w, https:\/\/fundacjanh.org\/wp-content\/uploads\/2023\/06\/Rewitalizacja-ust-4.jpg 1920w\" sizes=\"(max-width: 800px) 100vw, 800px\" \/>\t\t\t\t\t\t\t\t\t\t\t\t\t\t\t<\/div>\n\t\t\t\t<\/div>\n\t\t\t\t\t<\/div>\n\t\t<\/div>\n\t\t\t\t\t<\/div>\n\t\t<\/section>\n\t\t\t\t<section class=\"elementor-section elementor-inner-section elementor-element elementor-element-f4f6925 elementor-section-boxed elementor-section-height-default elementor-section-height-default\" data-id=\"f4f6925\" data-element_type=\"section\" data-e-type=\"section\">\n\t\t\t\t\t\t<div class=\"elementor-container elementor-column-gap-default\">\n\t\t\t\t\t<div class=\"elementor-column elementor-col-50 elementor-inner-column elementor-element elementor-element-7a29dcf\" data-id=\"7a29dcf\" data-element_type=\"column\" data-e-type=\"column\">\n\t\t\t<div class=\"elementor-widget-wrap elementor-element-populated\">\n\t\t\t\t\t\t<div class=\"elementor-element elementor-element-1609355 elementor-widget elementor-widget-image\" data-id=\"1609355\" data-element_type=\"widget\" data-e-type=\"widget\" data-widget_type=\"image.default\">\n\t\t\t\t<div class=\"elementor-widget-container\">\n\t\t\t\t\t\t\t\t\t\t\t\t\t\t\t<img decoding=\"async\" width=\"800\" height=\"450\" src=\"https:\/\/fundacjanh.org\/wp-content\/uploads\/2023\/06\/Rewitalizacja-ust-5-1024x576.jpg\" class=\"attachment-large size-large wp-image-9307\" alt=\"Rewitalizacja Ust \u2013 Fundacja Promocji Nowej Huty\" srcset=\"https:\/\/fundacjanh.org\/wp-content\/uploads\/2023\/06\/Rewitalizacja-ust-5-1024x576.jpg 1024w, https:\/\/fundacjanh.org\/wp-content\/uploads\/2023\/06\/Rewitalizacja-ust-5-300x169.jpg 300w, https:\/\/fundacjanh.org\/wp-content\/uploads\/2023\/06\/Rewitalizacja-ust-5-768x432.jpg 768w, https:\/\/fundacjanh.org\/wp-content\/uploads\/2023\/06\/Rewitalizacja-ust-5-1536x864.jpg 1536w, https:\/\/fundacjanh.org\/wp-content\/uploads\/2023\/06\/Rewitalizacja-ust-5.jpg 1920w\" sizes=\"(max-width: 800px) 100vw, 800px\" \/>\t\t\t\t\t\t\t\t\t\t\t\t\t\t\t<\/div>\n\t\t\t\t<\/div>\n\t\t\t\t\t<\/div>\n\t\t<\/div>\n\t\t\t\t<div class=\"elementor-column elementor-col-50 elementor-inner-column elementor-element elementor-element-3e20512\" data-id=\"3e20512\" data-element_type=\"column\" data-e-type=\"column\">\n\t\t\t<div class=\"elementor-widget-wrap elementor-element-populated\">\n\t\t\t\t\t\t<div class=\"elementor-element elementor-element-b885239 elementor-widget elementor-widget-text-editor\" data-id=\"b885239\" data-element_type=\"widget\" data-e-type=\"widget\" data-widget_type=\"text-editor.default\">\n\t\t\t\t<div class=\"elementor-widget-container\">\n\t\t\t\t\t\t\t\t\t<p>Pomoc prawna:\u00a0<\/p><p>W&nbsp;\u017cyciu codziennym mo\u017ce si\u0119 zdarzy\u0107 wiele sytuacji, kt\u00f3re wymagaj\u0105 porady prawnej. Zrozumie\u0107 swoje prawa i&nbsp;obowi\u0105zki to klucz do&nbsp;podejmowania \u015bwiadomych decyzji. Dlatego&nbsp;w&nbsp;ramach programu &#8222;Dobra Rada&#8221; udost\u0119pniamy Wam dost\u0119p do&nbsp;wykwalifikowanych prawnik\u00f3w, kt\u00f3rzy s\u0142u\u017c\u0105 pomoc\u0105 w&nbsp;r\u00f3\u017cnych dziedzinach prawa. Niezale\u017cnie od tego, czy&nbsp;potrzebujecie porady dotycz\u0105cej um\u00f3w, prawa pracy, prawa rodzinnego czy&nbsp;innego obszaru, nasi eksperci pomog\u0105 Wam zrozumie\u0107 i&nbsp;chroni\u0107 Wasze prawa.<\/p>\t\t\t\t\t\t\t\t<\/div>\n\t\t\t\t<\/div>\n\t\t\t\t\t<\/div>\n\t\t<\/div>\n\t\t\t\t\t<\/div>\n\t\t<\/section>\n\t\t\t\t\t<\/div>\n\t\t<\/div>\n\t\t\t\t\t<\/div>\n\t\t<\/section>\n\t\t\t\t<section class=\"elementor-section elementor-top-section elementor-element elementor-element-3c23d4a elementor-section-boxed elementor-section-height-default elementor-section-height-default\" data-id=\"3c23d4a\" data-element_type=\"section\" data-e-type=\"section\" data-settings=\"{&quot;background_background&quot;:&quot;classic&quot;}\">\n\t\t\t\t\t\t<div class=\"elementor-container elementor-column-gap-default\">\n\t\t\t\t\t<div class=\"elementor-column elementor-col-100 elementor-top-column elementor-element elementor-element-829d414\" data-id=\"829d414\" data-element_type=\"column\" data-e-type=\"column\">\n\t\t\t<div class=\"elementor-widget-wrap elementor-element-populated\">\n\t\t\t\t\t\t<div class=\"elementor-element elementor-element-27ee073 elementor-widget elementor-widget-heading\" data-id=\"27ee073\" data-element_type=\"widget\" data-e-type=\"widget\" id=\"VIDEO\" data-widget_type=\"heading.default\">\n\t\t\t\t<div class=\"elementor-widget-container\">\n\t\t\t\t\t<h2 class=\"elementor-heading-title elementor-size-xl\">VIDEO PROMUJ\u0104CE AKCJE<\/h2>\t\t\t\t<\/div>\n\t\t\t\t<\/div>\n\t\t\t\t<div class=\"elementor-element elementor-element-1ccc011 elementor-widget elementor-widget-video\" data-id=\"1ccc011\" data-element_type=\"widget\" data-e-type=\"widget\" data-settings=\"{&quot;video_type&quot;:&quot;hosted&quot;,&quot;controls&quot;:&quot;yes&quot;}\" data-widget_type=\"video.default\">\n\t\t\t\t<div class=\"elementor-widget-container\">\n\t\t\t\t\t\t\t<div class=\"e-hosted-video elementor-wrapper elementor-open-inline\">\n\t\t\t\t\t<video class=\"elementor-video\" src=\"https:\/\/fundacjanh.org\/wp-content\/uploads\/2023\/06\/PROJEKT-DOBRA-RADA-05.06.23-2.mp4\" controls=\"\" preload=\"metadata\" controlsList=\"nodownload\"><\/video>\n\t\t\t\t<\/div>\n\t\t\t\t\t\t<\/div>\n\t\t\t\t<\/div>\n\t\t\t\t\t<\/div>\n\t\t<\/div>\n\t\t\t\t\t<\/div>\n\t\t<\/section>\n\t\t\t\t<section class=\"elementor-section elementor-top-section elementor-element elementor-element-fbbca9d elementor-section-boxed elementor-section-height-default elementor-section-height-default\" data-id=\"fbbca9d\" data-element_type=\"section\" data-e-type=\"section\" data-settings=\"{&quot;background_background&quot;:&quot;video&quot;}\">\n\t\t\t\t\t\t<div class=\"elementor-container elementor-column-gap-default\">\n\t\t\t\t\t<div class=\"elementor-column elementor-col-100 elementor-top-column elementor-element elementor-element-5c2eb0f\" data-id=\"5c2eb0f\" data-element_type=\"column\" data-e-type=\"column\">\n\t\t\t<div class=\"elementor-widget-wrap elementor-element-populated\">\n\t\t\t\t\t\t<div class=\"elementor-element elementor-element-5dcc33f elementor-widget elementor-widget-heading\" data-id=\"5dcc33f\" data-element_type=\"widget\" data-e-type=\"widget\" id=\"JAK\" data-widget_type=\"heading.default\">\n\t\t\t\t<div class=\"elementor-widget-container\">\n\t\t\t\t\t<h2 class=\"elementor-heading-title elementor-size-default\">JAK SI\u0118 ZG\u0141OSI\u0106?<\/h2>\t\t\t\t<\/div>\n\t\t\t\t<\/div>\n\t\t\t\t<div class=\"elementor-element elementor-element-2ae0dc7 elementor-widget elementor-widget-text-editor\" data-id=\"2ae0dc7\" data-element_type=\"widget\" data-e-type=\"widget\" data-widget_type=\"text-editor.default\">\n\t\t\t\t<div class=\"elementor-widget-container\">\n\t\t\t\t\t\t\t\t\t<p>Do\u0142\u0105cz do&nbsp;naszego projektu od 1 czerwca do&nbsp;31 pa\u017adziernika 2023 i&nbsp;daj sobie szans\u0119 na&nbsp;lepsze jutro. Projekt Dobra Rada &#8211; tw\u00f3j klucz do&nbsp;profesjonalnej pomocy i&nbsp;wsparcia!<\/p>\t\t\t\t\t\t\t\t<\/div>\n\t\t\t\t<\/div>\n\t\t\t\t<div class=\"elementor-element elementor-element-2e3ecdb elementor-widget elementor-widget-text-editor\" data-id=\"2e3ecdb\" data-element_type=\"widget\" data-e-type=\"widget\" data-widget_type=\"text-editor.default\">\n\t\t\t\t<div class=\"elementor-widget-container\">\n\t\t\t\t\t\t\t\t\t<p>Je\u015bli jeste\u015b mieszka\u0144cem Nowej Huty i&nbsp;potrzebujesz profesjonalnej pomocy prawniczej lub&nbsp;wsparcia psychologicznego, nie wahaj si\u0119 skorzysta\u0107 z&nbsp;Projektu Dobra Rada. Jeste\u015bmy tu po&nbsp;to, aby&nbsp;Ci pom\u00f3c. Skontaktuj si\u0119 z&nbsp;nami i&nbsp;um\u00f3w na&nbsp;indywidualne spotkanie. Razem mo\u017cemy stawi\u0107 czo\u0142a wszystkim wyzwaniom!<\/p>\t\t\t\t\t\t\t\t<\/div>\n\t\t\t\t<\/div>\n\t\t\t\t<div class=\"elementor-element elementor-element-c0b1783 elementor-widget elementor-widget-text-editor\" data-id=\"c0b1783\" data-element_type=\"widget\" data-e-type=\"widget\" data-widget_type=\"text-editor.default\">\n\t\t\t\t<div class=\"elementor-widget-container\">\n\t\t\t\t\t\t\t\t\t<p>Jak skorzysta\u0107 z&nbsp;programu &#8222;Dobra Rada&#8221;? Skorzystanie z&nbsp;naszego programu jest proste! Je\u015bli czujecie, \u017ce&nbsp;potrzebujecie wsparcia psychologicznego lub&nbsp;porady prawnej, skontaktujcie si\u0119 z&nbsp;naszym biurem. Nasz przyjazny personel pomo\u017ce Wam um\u00f3wi\u0107 si\u0119 na&nbsp;spotkanie z&nbsp;odpowiednim specjalist\u0105. Wasza prywatno\u015b\u0107 i&nbsp;poufno\u015b\u0107 s\u0105 dla&nbsp;nas najwa\u017cniejsze, dlatego&nbsp;mo\u017cecie by\u0107 pewni, \u017ce&nbsp;Wasze rozmowy b\u0119d\u0105 chronione tajemnic\u0105 zawodow\u0105.<\/p>\t\t\t\t\t\t\t\t<\/div>\n\t\t\t\t<\/div>\n\t\t\t\t<section class=\"elementor-section elementor-inner-section elementor-element elementor-element-8a8afa4 elementor-section-boxed elementor-section-height-default elementor-section-height-default\" data-id=\"8a8afa4\" data-element_type=\"section\" data-e-type=\"section\">\n\t\t\t\t\t\t<div class=\"elementor-container elementor-column-gap-default\">\n\t\t\t\t\t<div class=\"elementor-column elementor-col-50 elementor-inner-column elementor-element elementor-element-469d568\" data-id=\"469d568\" data-element_type=\"column\" data-e-type=\"column\">\n\t\t\t<div class=\"elementor-widget-wrap elementor-element-populated\">\n\t\t\t\t\t\t<div class=\"elementor-element elementor-element-220fd28 elementor-view-default elementor-widget elementor-widget-icon\" data-id=\"220fd28\" data-element_type=\"widget\" data-e-type=\"widget\" data-widget_type=\"icon.default\">\n\t\t\t\t<div class=\"elementor-widget-container\">\n\t\t\t\t\t\t\t<div class=\"elementor-icon-wrapper\">\n\t\t\t<div class=\"elementor-icon\">\n\t\t\t<i aria-hidden=\"true\" class=\"fas fa-phone-alt\"><\/i>\t\t\t<\/div>\n\t\t<\/div>\n\t\t\t\t\t\t<\/div>\n\t\t\t\t<\/div>\n\t\t\t\t<div class=\"elementor-element elementor-element-4116397 elementor-widget elementor-widget-text-editor\" data-id=\"4116397\" data-element_type=\"widget\" data-e-type=\"widget\" data-widget_type=\"text-editor.default\">\n\t\t\t\t<div class=\"elementor-widget-container\">\n\t\t\t\t\t\t\t\t\t<p><strong>ZADZWO\u0143 &#8211;\u00a0535-600-810<\/strong><\/p>\t\t\t\t\t\t\t\t<\/div>\n\t\t\t\t<\/div>\n\t\t\t\t\t<\/div>\n\t\t<\/div>\n\t\t\t\t<div class=\"elementor-column elementor-col-50 elementor-inner-column elementor-element elementor-element-9640c02\" data-id=\"9640c02\" data-element_type=\"column\" data-e-type=\"column\">\n\t\t\t<div class=\"elementor-widget-wrap elementor-element-populated\">\n\t\t\t\t\t\t<div class=\"elementor-element elementor-element-0acc649 elementor-view-default elementor-widget elementor-widget-icon\" data-id=\"0acc649\" data-element_type=\"widget\" data-e-type=\"widget\" data-widget_type=\"icon.default\">\n\t\t\t\t<div class=\"elementor-widget-container\">\n\t\t\t\t\t\t\t<div class=\"elementor-icon-wrapper\">\n\t\t\t<div class=\"elementor-icon\">\n\t\t\t<i aria-hidden=\"true\" class=\"fas fa-map-marker\"><\/i>\t\t\t<\/div>\n\t\t<\/div>\n\t\t\t\t\t\t<\/div>\n\t\t\t\t<\/div>\n\t\t\t\t<div class=\"elementor-element elementor-element-0b86a0e elementor-widget elementor-widget-text-editor\" data-id=\"0b86a0e\" data-element_type=\"widget\" data-e-type=\"widget\" data-widget_type=\"text-editor.default\">\n\t\t\t\t<div class=\"elementor-widget-container\">\n\t\t\t\t\t\t\t\t\t<p><strong>PRZYJD\u0179 &#8211; os. Centrum d7\/u8 31-933 Krak\u00f3w<\/strong><\/p>\t\t\t\t\t\t\t\t<\/div>\n\t\t\t\t<\/div>\n\t\t\t\t\t<\/div>\n\t\t<\/div>\n\t\t\t\t\t<\/div>\n\t\t<\/section>\n\t\t\t\t\t<\/div>\n\t\t<\/div>\n\t\t\t\t\t<\/div>\n\t\t<\/section>\n\t\t\t\t<\/div>\n\t\t","protected":false},"excerpt":{"rendered":"<p>&#8222;Razem dla&nbsp;was&#8221; &#8211; Program Dobra Rada O&nbsp;PROJEKCIE FORMY WSPARCIA VIDEO PROMUJ\u0104CE AKCJ\u0118 JAK SI\u0118 ZG\u0141OSI\u0106? O&nbsp;PROJEKCIE Chcieliby\u015bmy Wam przedstawi\u0107 fantastyczn\u0105 inicjatyw\u0119, jak\u0105 jest program &#8222;Dobra Rada&#8221;, stworzony przez&nbsp;Fundacj\u0119 Promocji Nowej Huty. Naszym celem jest zapewnienie Wam kompleksowej pomocy i&nbsp;wsparcia w&nbsp;trudnych sytuacjach \u017cyciowych. Wiemy, \u017ce&nbsp;czasami potrzebujecie profesjonalnego wsparcia psychologicznego i&nbsp;prawnego, dlatego&nbsp;postanowili\u015bmy to u\u0142atwi\u0107! PROGRAM SKIEROWANY JEST [&hellip;]<\/p>\n","protected":false},"author":6,"featured_media":0,"parent":0,"menu_order":0,"comment_status":"closed","ping_status":"closed","template":"elementor_header_footer","meta":{"inline_featured_image":false,"_monsterinsights_skip_tracking":false,"_monsterinsights_sitenote_active":false,"_monsterinsights_sitenote_note":"","_monsterinsights_sitenote_category":0,"footnotes":""},"class_list":["post-9295","page","type-page","status-publish","hentry"],"_links":{"self":[{"href":"https:\/\/fundacjanh.org\/pl\/wp-json\/wp\/v2\/pages\/9295","targetHints":{"allow":["GET"]}}],"collection":[{"href":"https:\/\/fundacjanh.org\/pl\/wp-json\/wp\/v2\/pages"}],"about":[{"href":"https:\/\/fundacjanh.org\/pl\/wp-json\/wp\/v2\/types\/page"}],"author":[{"embeddable":true,"href":"https:\/\/fundacjanh.org\/pl\/wp-json\/wp\/v2\/users\/6"}],"replies":[{"embeddable":true,"href":"https:\/\/fundacjanh.org\/pl\/wp-json\/wp\/v2\/comments?post=9295"}],"version-history":[{"count":102,"href":"https:\/\/fundacjanh.org\/pl\/wp-json\/wp\/v2\/pages\/9295\/revisions"}],"predecessor-version":[{"id":9449,"href":"https:\/\/fundacjanh.org\/pl\/wp-json\/wp\/v2\/pages\/9295\/revisions\/9449"}],"wp:attachment":[{"href":"https:\/\/fundacjanh.org\/pl\/wp-json\/wp\/v2\/media?parent=9295"}],"curies":[{"name":"wp","href":"https:\/\/api.w.org\/{rel}","templated":true}]}}